{"id":787,"date":"2025-04-23T19:43:24","date_gmt":"2025-04-23T19:43:24","guid":{"rendered":"https:\/\/metzgereistierli.shop\/product\/schweinswuerstli\/"},"modified":"2025-05-15T12:16:21","modified_gmt":"2025-05-15T12:16:21","slug":"schweinswuerstli","status":"publish","type":"product","link":"https:\/\/metzgereistierli.shop\/en\/product\/schweinswuerstli\/","title":{"rendered":"Schweinsw\u00fcrstli"},"content":{"rendered":"<p>Geniessen Sie unsere hochwertigen Schweinsw\u00fcrstli \u2013 eine echte Schweizer Spezialit\u00e4t! Hergestellt aus sorgf\u00e4ltig ausgew\u00e4hltem Schweine- und Rindfleisch, bieten diese W\u00fcrstchen einen authentischen Geschmack und beste Qualit\u00e4t. Die W\u00fcrstli sind mit Nitritp\u00f6kelsalz (bestehend aus Kochsalz und dem Konservierungsmittel E250) gew\u00fcrzt und veredelt, um eine langanhaltende Frische sowie ein angenehmes Aroma zu gew\u00e4hrleisten. Das ausgewogene Gew\u00fcrzprofil macht die Schweinsw\u00fcrstli zu einem beliebten Begleiter bei jeder Mahlzeit.<\/p>\n<p>Zutaten:<\/p>\n<ul>\n<li>Schweinefleisch<\/li>\n<li>Rindfleisch<\/li>\n<li>Nitritp\u00f6kelsalz (Kochsalz, Konservierungsmittel E250)<\/li>\n<li>Gew\u00fcrze<\/li>\n<\/ul>\n<p>N\u00e4hrwerte (pro 100 g):<\/p>\n<ul>\n<li>Energie: 292 kcal<\/li>\n<li>Fett: 23.8 g\n<ul>\n<li>Davon ges\u00e4ttigte Fetts\u00e4uren: 9.4 g<\/li>\n<\/ul>\n<\/li>\n<li>Eiwei\u00df: 2 g<\/li>\n<li>Kohlenhydrate: 0.78 g\n<ul>\n<li>Davon Zucker: 0 g<\/li>\n<\/ul>\n<\/li>\n<li>Salz: 218 g<\/li>\n<\/ul>\n<p>Aufbewahrung: Bitte k\u00fchl lagern, maximal bei 5\u00b0C, um die Frische und Qualit\u00e4t zu erhalten.<\/p>\n<p>Hergestellt in der Schweiz aus schweizerischem Fleisch \u2013 f\u00fcr ein Produkt, das sowohl traditionell als auch qualitativ hochwertig ist. Perfekt f\u00fcr jede Mahlzeit, sei es gegrillt, gebraten oder als Bestandteil eines herzhaften Gerichts!<\/p>","protected":false},"excerpt":{"rendered":"<p>Hochwertige Schweizer Schweinsw\u00fcrstli aus Schweine- und Rindfleisch, gew\u00fcrzt mit Nitritp\u00f6kelsalz, f\u00fcr Geschmack, Frische und Qualit\u00e4t. &hellip; <a href=\"https:\/\/metzgereistierli.shop\/en\/product\/schweinswuerstli\/\" class=\"more-link\">Continue reading<span class=\"screen-reader-text\">Schweinsw\u00fcrstli<\/span><\/a><\/p>","protected":false},"featured_media":786,"template":"","meta":{"_eb_attr":"","om_disable_all_campaigns":false,"_monsterinsights_skip_tracking":false,"_monsterinsights_sitenote_active":false,"_monsterinsights_sitenote_note":"","_monsterinsights_sitenote_category":0},"product_brand":[101],"product_cat":[100],"product_tag":[115,69,114],"class_list":{"0":"post-787","1":"product","2":"type-product","3":"status-publish","4":"has-post-thumbnail","6":"product_brand-stierli","7":"product_cat-wurstspezialitaeten","8":"product_tag-rindfleisch","9":"product_tag-schwein","10":"product_tag-schweinswuerstli","12":"first","13":"instock","14":"taxable","15":"shipping-taxable","16":"purchasable","17":"product-type-simple"},"aioseo_notices":[],"jetpack_sharing_enabled":true,"_links":{"self":[{"href":"https:\/\/metzgereistierli.shop\/en\/wp-json\/wp\/v2\/product\/787","targetHints":{"allow":["GET"]}}],"collection":[{"href":"https:\/\/metzgereistierli.shop\/en\/wp-json\/wp\/v2\/product"}],"about":[{"href":"https:\/\/metzgereistierli.shop\/en\/wp-json\/wp\/v2\/types\/product"}],"wp:featuredmedia":[{"embeddable":true,"href":"https:\/\/metzgereistierli.shop\/en\/wp-json\/wp\/v2\/media\/786"}],"wp:attachment":[{"href":"https:\/\/metzgereistierli.shop\/en\/wp-json\/wp\/v2\/media?parent=787"}],"wp:term":[{"taxonomy":"product_brand","embeddable":true,"href":"https:\/\/metzgereistierli.shop\/en\/wp-json\/wp\/v2\/product_brand?post=787"},{"taxonomy":"product_cat","embeddable":true,"href":"https:\/\/metzgereistierli.shop\/en\/wp-json\/wp\/v2\/product_cat?post=787"},{"taxonomy":"product_tag","embeddable":true,"href":"https:\/\/metzgereistierli.shop\/en\/wp-json\/wp\/v2\/product_tag?post=787"}],"curies":[{"name":"wp","href":"https:\/\/api.w.org\/{rel}","templated":true}]}}