{"id":785,"date":"2025-04-23T19:40:16","date_gmt":"2025-04-23T19:40:16","guid":{"rendered":"https:\/\/metzgereistierli.shop\/product\/wienerli\/"},"modified":"2025-06-04T12:09:09","modified_gmt":"2025-06-04T12:09:09","slug":"wienerli","status":"publish","type":"product","link":"https:\/\/metzgereistierli.shop\/en\/product\/wienerli\/","title":{"rendered":"Wienerli (2 P\u00e4rli)"},"content":{"rendered":"<p>Produktbeschreibung: Wienerli<\/p>\n<p>Geniessen Sie unsere hochwertigen Wienerli \u2013 eine klassische Spezialit\u00e4t aus feinem Fleisch, Speck und Gew\u00fcrzen. Perfekt f\u00fcr jede Mahlzeit oder als Snack.<\/p>\n<p>Unsere Wienerli werden aus ausgew\u00e4hltem Rindfleisch, Schweinefleisch und Speck hergestellt, erg\u00e4nzt durch Eiswasser und Schwarten f\u00fcr die ideale Textur. Zur Konservierung und Farbgebung enth\u00e4lt die Wurst Nitritp\u00f6kelsalz (Kochsalz, Konservierungsmittel E250). Die ausgewogene W\u00fcrzmischung besteht aus sorgf\u00e4ltig abgestimmten Gew\u00fcrzen, S\u00e4uerungsmitteln (E331\/E575) und Geschmacksverst\u00e4rkern (E621), die den typischen Geschmack unterstreichen. Milchzucker (Laktose) sorgt f\u00fcr eine angenehme Konsistenz, w\u00e4hrend Antioxidantien (E300) die Frische bewahren.<\/p>\n<p>Die Wienerli \u00fcberzeugen durch ihre saftige Textur und den vollmundigen Geschmack. Sie eignen sich ideal zum Braten, Grillen oder als Beilage in verschiedenen Gerichten.<\/p>\n<p>N\u00e4hrwerte pro 100 g:<br \/>\n&#8211; Energie: ca. 281 kcal<br \/>\n&#8211; Fett: ca. 25 g<br \/>\n\u2014 davon ges\u00e4ttigte Fetts\u00e4uren: ca. 9,5 g<br \/>\n&#8211; Eiwei\u00df: ca. 12-14,5 g<br \/>\n&#8211; Kohlenhydrate: ca. 1 g<br \/>\n\u2014 davon Zucker: ca. 0,9 g<br \/>\n&#8211; Salz: ca. 2,1 g<\/p>\n<p>Unsere Wienerli stehen f\u00fcr Qualit\u00e4t und traditionellen Geschmack \u2013 perfekt f\u00fcr alle, die das Authentische lieben. Ideal f\u00fcr die schnelle Mahlzeit oder den Grillabend!<\/p>","protected":false},"excerpt":{"rendered":"<p>Genie\u00dfen Sie unsere Wienerli aus feinem Fleisch, Speck und Gew\u00fcrzen \u2013 saftig, w\u00fcrzig, perfekt zum Braten, Grillen oder als Snack. &hellip; <a href=\"https:\/\/metzgereistierli.shop\/en\/product\/wienerli\/\" class=\"more-link\">Continue reading<span class=\"screen-reader-text\">Wienerli (2 P\u00e4rli)<\/span><\/a><\/p>","protected":false},"featured_media":784,"template":"","meta":{"_eb_attr":"","om_disable_all_campaigns":false,"_monsterinsights_skip_tracking":false,"_monsterinsights_sitenote_active":false,"_monsterinsights_sitenote_note":"","_monsterinsights_sitenote_category":0},"product_brand":[101],"product_cat":[100],"product_tag":[122,120,121],"class_list":{"0":"post-785","1":"product","2":"type-product","3":"status-publish","4":"has-post-thumbnail","6":"product_brand-stierli","7":"product_cat-wurstspezialitaeten","8":"product_tag-stierli","9":"product_tag-wiener","10":"product_tag-wienerli","12":"first","13":"instock","14":"taxable","15":"shipping-taxable","16":"purchasable","17":"product-type-simple"},"aioseo_notices":[],"jetpack_sharing_enabled":true,"_links":{"self":[{"href":"https:\/\/metzgereistierli.shop\/en\/wp-json\/wp\/v2\/product\/785","targetHints":{"allow":["GET"]}}],"collection":[{"href":"https:\/\/metzgereistierli.shop\/en\/wp-json\/wp\/v2\/product"}],"about":[{"href":"https:\/\/metzgereistierli.shop\/en\/wp-json\/wp\/v2\/types\/product"}],"wp:featuredmedia":[{"embeddable":true,"href":"https:\/\/metzgereistierli.shop\/en\/wp-json\/wp\/v2\/media\/784"}],"wp:attachment":[{"href":"https:\/\/metzgereistierli.shop\/en\/wp-json\/wp\/v2\/media?parent=785"}],"wp:term":[{"taxonomy":"product_brand","embeddable":true,"href":"https:\/\/metzgereistierli.shop\/en\/wp-json\/wp\/v2\/product_brand?post=785"},{"taxonomy":"product_cat","embeddable":true,"href":"https:\/\/metzgereistierli.shop\/en\/wp-json\/wp\/v2\/product_cat?post=785"},{"taxonomy":"product_tag","embeddable":true,"href":"https:\/\/metzgereistierli.shop\/en\/wp-json\/wp\/v2\/product_tag?post=785"}],"curies":[{"name":"wp","href":"https:\/\/api.w.org\/{rel}","templated":true}]}}