{"id":783,"date":"2025-04-23T19:39:17","date_gmt":"2025-04-23T19:39:17","guid":{"rendered":"https:\/\/metzgereistierli.shop\/product\/schweinsbauernwurst\/"},"modified":"2025-05-15T12:15:31","modified_gmt":"2025-05-15T12:15:31","slug":"schweinsbauernwurst","status":"publish","type":"product","link":"https:\/\/metzgereistierli.shop\/en\/product\/schweinsbauernwurst\/","title":{"rendered":"Burebratwurst"},"content":{"rendered":"<p>Geniessen Sie unsere traditionelle Burebratwurst \u2013 ein echtes Geschmackserlebnis aus der Schweiz. Mit viel Liebe zum Detail hergestellt, vereint diese Wurst hochwertige Zutaten f\u00fcr einen vollmundigen Geschmack.<\/p>\n<p>Zutaten:<br \/>\nUnsere Bauernbratwurst besteht zu 90% aus feinstem Schweinefleisch (Schweiz) und enth\u00e4lt zus\u00e4tzlich 10% Kalbsbr\u00e4t (Kalbfleisch aus der Schweiz). Veredelt mit Speck, Wasser, Kochsalz, sowie einer sorgf\u00e4ltigen Gew\u00fcrzmischung, sorgt sie f\u00fcr ein unvergleichliches Aroma. Weitere Zutaten sind Zwiebeln, R\u00f6stzwiebeln, Dextrose, Glucosesirup, sowie W\u00fcrzextrakte aus Palm\u00f6l und Raps.<\/p>\n<p>Geschmacksverst\u00e4rker und Stabilisationsmittel:<br \/>\nUm den Geschmack zu intensivieren, enth\u00e4lt die Wurst Mononatriumglutamat und Natriumglutamat. Stabilisatoren wie Diphosphat und Polyphosphat sorgen f\u00fcr die optimale Konsistenz. Zus\u00e4tzlich sind Antioxidationsmittel wie Ascorbins\u00e4ure und Natriumascorbat enthalten, die die Frische bewahren.<\/p>\n<p>Besonderheiten:<br \/>\nDie Wurst ist in einem nat\u00fcrlichen Schweinedarm (Schweinedarm) gef\u00fcllt, was f\u00fcr eine traditionelle Textur sorgt. Die Verwendung hochwertiger Zutaten und die schonende Herstellung garantieren ein authentisches Geschmackserlebnis.<\/p>\n<p>N\u00e4hrwerte pro 100g:<\/p>\n<ul>\n<li>Energie: ca. 243 kcal<\/li>\n<li>Eiwei\u00df: ca. 16,89 g<\/li>\n<li>Fett: ca. 19,30 g<\/li>\n<li>Kohlenhydrate: ca. 0,20 g<\/li>\n<\/ul>\n<p>Unsere Burebratwurst ist perfekt f\u00fcr alle, die den echten Geschmack der Schweizer Wurstkultur sch\u00e4tzen. Ob gegrillt, gebraten oder gekocht \u2013 sie \u00fcberzeugt stets mit Qualit\u00e4t und Geschmack.<\/p>","protected":false},"excerpt":{"rendered":"<p>Geniessen Sie unsere traditionelle Schweizer Burebratwurst \u2013 ein Geschmackserlebnis aus hochwertigen Zutaten, perfekt f\u00fcr jeden Geniesser. &hellip; <a href=\"https:\/\/metzgereistierli.shop\/en\/product\/schweinsbauernwurst\/\" class=\"more-link\">Continue reading<span class=\"screen-reader-text\">Burebratwurst<\/span><\/a><\/p>","protected":false},"featured_media":782,"template":"","meta":{"_eb_attr":"","om_disable_all_campaigns":false,"_monsterinsights_skip_tracking":false,"_monsterinsights_sitenote_active":false,"_monsterinsights_sitenote_note":"","_monsterinsights_sitenote_category":0},"product_brand":[101],"product_cat":[100],"product_tag":[117,119,118,116],"class_list":{"0":"post-783","1":"product","2":"type-product","3":"status-publish","4":"has-post-thumbnail","6":"product_brand-stierli","7":"product_cat-wurstspezialitaeten","8":"product_tag-bauernwurst","9":"product_tag-burebratwurst","10":"product_tag-burewurst","11":"product_tag-schweinsbauernwurst","13":"first","14":"instock","15":"taxable","16":"shipping-taxable","17":"purchasable","18":"product-type-simple"},"aioseo_notices":[],"jetpack_sharing_enabled":true,"_links":{"self":[{"href":"https:\/\/metzgereistierli.shop\/en\/wp-json\/wp\/v2\/product\/783","targetHints":{"allow":["GET"]}}],"collection":[{"href":"https:\/\/metzgereistierli.shop\/en\/wp-json\/wp\/v2\/product"}],"about":[{"href":"https:\/\/metzgereistierli.shop\/en\/wp-json\/wp\/v2\/types\/product"}],"wp:featuredmedia":[{"embeddable":true,"href":"https:\/\/metzgereistierli.shop\/en\/wp-json\/wp\/v2\/media\/782"}],"wp:attachment":[{"href":"https:\/\/metzgereistierli.shop\/en\/wp-json\/wp\/v2\/media?parent=783"}],"wp:term":[{"taxonomy":"product_brand","embeddable":true,"href":"https:\/\/metzgereistierli.shop\/en\/wp-json\/wp\/v2\/product_brand?post=783"},{"taxonomy":"product_cat","embeddable":true,"href":"https:\/\/metzgereistierli.shop\/en\/wp-json\/wp\/v2\/product_cat?post=783"},{"taxonomy":"product_tag","embeddable":true,"href":"https:\/\/metzgereistierli.shop\/en\/wp-json\/wp\/v2\/product_tag?post=783"}],"curies":[{"name":"wp","href":"https:\/\/api.w.org\/{rel}","templated":true}]}}