{"id":779,"date":"2025-04-23T19:36:09","date_gmt":"2025-04-23T19:36:09","guid":{"rendered":"https:\/\/metzgereistierli.shop\/product\/grilbratwurst\/"},"modified":"2025-05-20T11:43:39","modified_gmt":"2025-05-20T11:43:39","slug":"grilbratwurst","status":"publish","type":"product","link":"https:\/\/metzgereistierli.shop\/en\/product\/grilbratwurst\/","title":{"rendered":"Grilbratwurst (2 Stk.)"},"content":{"rendered":"<div class=\"markdownContainer\" data-projected=\"true\">\n<div class=\"markdownContainer\">\n<p><strong>Grillbratwurst \u2013 Schweizer Genuss f\u00fcr den Grill<\/strong><\/p>\n<p>Unsere Grillbratwurst vereint saftiges Schweinefleisch und aromatischen Speck in einer w\u00fcrzigen Wurst, perfekt f\u00fcr den Grill. Mit Zutaten wie Zwiebeln, Gew\u00fcrzen und einem Hauch Traubenzucker sorgt sie f\u00fcr ein intensives Geschmackserlebnis. Die nat\u00fcrliche Schweinsdarm-H\u00fclle macht sie besonders authentisch und hochwertig. Ideal f\u00fcr gesellige Grillabende und Sommerpartys.<\/p>\n<p><strong>Zutaten:<\/strong><br \/>\nSchweinefleisch, Speck, Wasser, Kochsalz, Zwiebeln, Gew\u00fcrze, Glucosesirup, Stabilisator (E450), Traubenzucker, Milchpulver (enth\u00e4lt Milchzucker), W\u00fcrze, S\u00e4uerungsmittel (Citronens\u00e4ure), Hefeextrakt, Gew\u00fcrzextrakt.<br \/>\nWursth\u00fclle: Schweinsdarm.<\/p>\n<p><strong>N\u00e4hrwerte pro 100 g:<\/strong><br \/>\nEiwei\u00df: 12,5 g<br \/>\nEnergie: 943 kJ (228 kcal)<br \/>\nFett: 19,19 g<br \/>\nKohlenhydrate: 1,2 g<\/p>\n<p>Geniessen Sie unsere Grillbratwurst als herzhaften Klassiker beim Grillen \u2013 voll im Geschmack, hochwertig und perfekt f\u00fcr jede Gelegenheit!<\/p>\n<\/div>\n<\/div>\n<div class=\"optionsBox\">\n<div class=\"group1\"><\/div>\n<\/div>","protected":false},"excerpt":{"rendered":"<p>Grillbratwurst \u2013 Schweizer Genuss f\u00fcr den Grill Unsere Grillbratwurst vereint saftiges Schweinefleisch und aromatischen Speck in einer w\u00fcrzigen Wurst, perfekt<\/p>\n<p><a href=\"https:\/\/metzgereistierli.shop\/en\/product\/grilbratwurst\/\" class=\"more-link\">Continue reading<span class=\"screen-reader-text\">Grilbratwurst (2 Stk.)<\/span><\/a><\/p>","protected":false},"featured_media":778,"template":"","meta":{"_eb_attr":"","om_disable_all_campaigns":false,"_monsterinsights_skip_tracking":false,"_monsterinsights_sitenote_active":false,"_monsterinsights_sitenote_note":"","_monsterinsights_sitenote_category":0},"product_brand":[101],"product_cat":[100],"product_tag":[135,134,133,132,131],"class_list":{"0":"post-779","1":"product","2":"type-product","3":"status-publish","4":"has-post-thumbnail","6":"product_brand-stierli","7":"product_cat-wurstspezialitaeten","8":"product_tag-bbq","9":"product_tag-bratwurst","10":"product_tag-grillbratwurst","11":"product_tag-grillen","12":"product_tag-grillieren","14":"first","15":"instock","16":"taxable","17":"shipping-taxable","18":"purchasable","19":"product-type-simple"},"aioseo_notices":[],"jetpack_sharing_enabled":true,"_links":{"self":[{"href":"https:\/\/metzgereistierli.shop\/en\/wp-json\/wp\/v2\/product\/779","targetHints":{"allow":["GET"]}}],"collection":[{"href":"https:\/\/metzgereistierli.shop\/en\/wp-json\/wp\/v2\/product"}],"about":[{"href":"https:\/\/metzgereistierli.shop\/en\/wp-json\/wp\/v2\/types\/product"}],"wp:featuredmedia":[{"embeddable":true,"href":"https:\/\/metzgereistierli.shop\/en\/wp-json\/wp\/v2\/media\/778"}],"wp:attachment":[{"href":"https:\/\/metzgereistierli.shop\/en\/wp-json\/wp\/v2\/media?parent=779"}],"wp:term":[{"taxonomy":"product_brand","embeddable":true,"href":"https:\/\/metzgereistierli.shop\/en\/wp-json\/wp\/v2\/product_brand?post=779"},{"taxonomy":"product_cat","embeddable":true,"href":"https:\/\/metzgereistierli.shop\/en\/wp-json\/wp\/v2\/product_cat?post=779"},{"taxonomy":"product_tag","embeddable":true,"href":"https:\/\/metzgereistierli.shop\/en\/wp-json\/wp\/v2\/product_tag?post=779"}],"curies":[{"name":"wp","href":"https:\/\/api.w.org\/{rel}","templated":true}]}}