{"id":777,"date":"2025-04-23T10:51:57","date_gmt":"2025-04-23T10:51:57","guid":{"rendered":"https:\/\/metzgereistierli.shop\/product\/fueuertuefel\/"},"modified":"2025-05-20T11:29:56","modified_gmt":"2025-05-20T11:29:56","slug":"fueuertuefel","status":"publish","type":"product","link":"https:\/\/metzgereistierli.shop\/en\/product\/fueuertuefel\/","title":{"rendered":"F\u00fc\u00fcrt\u00fcfel (2 Stk.)"},"content":{"rendered":"<p>Entdecken Sie die k\u00f6stliche Tradition der Schweiz mit unserer F\u00fc\u00fcrt\u00fcfel-Wurst. Hergestellt in der Schweiz nach bew\u00e4hrtem Rezept, vereint diese Wurst hochwertige Zutaten und authentischen Geschmack.<\/p>\n<p><strong>Produktbeschreibung:<\/strong><br \/>\nDie F\u00fc\u00fcrt\u00fcfel-Wurst \u00fcberzeugt durch ihre fein abgestimmte Mischung aus saftigem Schweinefleisch, aromatischem Speck und zartem Rindfleisch. F\u00fcr die perfekte Konsistenz sorgt die Zugabe von Schwarten, w\u00e4hrend Eis und Wasser f\u00fcr die Frische und Saftigkeit sorgen. Die sorgf\u00e4ltige Verarbeitung garantiert eine hochwertige Wurst, die sowohl w\u00fcrzig als auch angenehm im Geschmack ist.<\/p>\n<p><strong>Zutatenliste:<\/strong><\/p>\n<ul>\n<li>Schweinefleisch<\/li>\n<li>Speck<\/li>\n<li>Eis\/Wasser<\/li>\n<li>Rindfleisch<\/li>\n<li>Schwarten<\/li>\n<li>Nitritp\u00f6kelsalz (Kochsalz, E250)<\/li>\n<li>Gew\u00fcrze, Chili<\/li>\n<li>Stabilisatoren (E450\/E452)<\/li>\n<li>Geschmackverst\u00e4rker (E621)<\/li>\n<li>Traubenzucker<\/li>\n<li>Milchzucker (Lactose)<\/li>\n<li>Zucker<\/li>\n<li>Antioxidationsmittel (E300\/E301\/E330)<\/li>\n<\/ul>\n<p><strong>N\u00e4hrwerte pro 100 g:<\/strong><\/p>\n<ul>\n<li>Energie: 1010 kJ \/ 243 kcal<\/li>\n<li>Eiwei\u00df: 16,89 g<\/li>\n<li>Fett: 19,30 g<\/li>\n<li>Kohlenhydrate: 0,20 g<\/li>\n<\/ul>\n<p>Geniessen Sie die F\u00fc\u00fcrt\u00fcfel-Wurst als herzhaften Snack, auf dem Brot oder in verschiedenen Schweizer Gerichten. Ein authentischer Genuss, der Tradition und Qualit\u00e4t verbindet!<\/p>","protected":false},"excerpt":{"rendered":"<p>F\u00fc\u00fcrt\u00fcfel traditionell aus der Schweiz \u2013 authentisch, traditionell, hochwertig. &hellip; <a href=\"https:\/\/metzgereistierli.shop\/en\/product\/fueuertuefel\/\" class=\"more-link\">Continue reading<span class=\"screen-reader-text\">F\u00fc\u00fcrt\u00fcfel (2 Stk.)<\/span><\/a><\/p>","protected":false},"featured_media":776,"template":"","meta":{"_eb_attr":"","om_disable_all_campaigns":false,"_monsterinsights_skip_tracking":false,"_monsterinsights_sitenote_active":false,"_monsterinsights_sitenote_note":"","_monsterinsights_sitenote_category":0},"product_brand":[101],"product_cat":[100],"product_tag":[123,124,126,125],"class_list":{"0":"post-777","1":"product","2":"type-product","3":"status-publish","4":"has-post-thumbnail","6":"product_brand-stierli","7":"product_cat-wurstspezialitaeten","8":"product_tag-feuerteufel","9":"product_tag-fueuertuefel","10":"product_tag-pikant","11":"product_tag-scharf","13":"first","14":"instock","15":"taxable","16":"shipping-taxable","17":"purchasable","18":"product-type-simple"},"aioseo_notices":[],"jetpack_sharing_enabled":true,"_links":{"self":[{"href":"https:\/\/metzgereistierli.shop\/en\/wp-json\/wp\/v2\/product\/777","targetHints":{"allow":["GET"]}}],"collection":[{"href":"https:\/\/metzgereistierli.shop\/en\/wp-json\/wp\/v2\/product"}],"about":[{"href":"https:\/\/metzgereistierli.shop\/en\/wp-json\/wp\/v2\/types\/product"}],"wp:featuredmedia":[{"embeddable":true,"href":"https:\/\/metzgereistierli.shop\/en\/wp-json\/wp\/v2\/media\/776"}],"wp:attachment":[{"href":"https:\/\/metzgereistierli.shop\/en\/wp-json\/wp\/v2\/media?parent=777"}],"wp:term":[{"taxonomy":"product_brand","embeddable":true,"href":"https:\/\/metzgereistierli.shop\/en\/wp-json\/wp\/v2\/product_brand?post=777"},{"taxonomy":"product_cat","embeddable":true,"href":"https:\/\/metzgereistierli.shop\/en\/wp-json\/wp\/v2\/product_cat?post=777"},{"taxonomy":"product_tag","embeddable":true,"href":"https:\/\/metzgereistierli.shop\/en\/wp-json\/wp\/v2\/product_tag?post=777"}],"curies":[{"name":"wp","href":"https:\/\/api.w.org\/{rel}","templated":true}]}}