{"id":613,"date":"2024-11-22T10:27:03","date_gmt":"2024-11-22T10:27:03","guid":{"rendered":"https:\/\/metzgereistierli.shop\/?post_type=product&#038;p=613"},"modified":"2025-11-28T11:22:40","modified_gmt":"2025-11-28T11:22:40","slug":"bratspeck","status":"publish","type":"product","link":"https:\/\/metzgereistierli.shop\/en\/product\/bratspeck\/","title":{"rendered":"Bratspeck"},"content":{"rendered":"<p>Entdecken Sie das Beste aus zwei Welten mit unserem exquisiten Bratspeck, liebevoll in der Schweiz hergestellt. Genie\u00dfen Sie den vollmundigen, herzhaften Geschmack dieses beliebten Fr\u00fchst\u00fccksklassikers, der aus hochwertigem Schweinefleisch gefertigt wird und das perfekte Upgrade f\u00fcr Ihre Gerichte darstellt.<\/p>\n<p><strong>Zutaten:<\/strong><\/p>\n<ul>\n<li>Schweinefleisch<\/li>\n<li>Nitritp\u00f6kelsalz<\/li>\n<li>Konservierungsstoff (E250)<\/li>\n<li>Stabilisator (E331)<\/li>\n<li>Zucker<\/li>\n<li>Antioxidationsmittel (E301)<\/li>\n<li>Kochsalz<\/li>\n<\/ul>\n<p><strong>N\u00e4hrwerte pro 100g:<\/strong><\/p>\n<ul>\n<li>Energie: 1336 kJ \/ 319 kcal<\/li>\n<li>Wasser: 50,5 g<\/li>\n<li>Eiwei\u00df: 17,8 g<\/li>\n<li>Fett: 26,7 g<\/li>\n<li>Eisen: 0,4 mg<\/li>\n<li>Kohlenhydrate: 0,5 g<\/li>\n<\/ul>\n<p>Hergestellt nach traditioneller Methoden, bietet unser Bacon eine perfekte Balance zwischen Geschmack und Textur. Ob zum Fr\u00fchst\u00fcck, in Sandwiches, auf Pizza oder als Teil einer herzhaften Pasta &#8211; der vielseitige British Bacon wird schnell zum Favoriten in Ihrer K\u00fcche.<\/p>\n<p><strong>Aufbewahrung:<\/strong> Um die Frische und Qualit\u00e4t zu gew\u00e4hrleisten, bewahren Sie das Produkt gek\u00fchlt bei +5\u00b0C auf.<\/p>\n<p>G\u00f6nnen Sie sich den authentischen Geschmack unseres Bratspecks, der die hohe Qualit\u00e4t und die erstklassige Handwerkskunst der Schweiz widerspiegelt \u2013 f\u00fcr ein unverwechselbares Geschmackserlebnis!<\/p>","protected":false},"excerpt":{"rendered":"<p>Entdecken Sie unser Bratspeck, liebevoll in der Schweiz hergestellt. Genie\u00dfen Sie den herzhaften Geschmack dieses Fr\u00fchst\u00fccksklassikers! &hellip; <a href=\"https:\/\/metzgereistierli.shop\/en\/product\/bratspeck\/\" class=\"more-link\">Continue reading<span class=\"screen-reader-text\">Bratspeck<\/span><\/a><\/p>","protected":false},"featured_media":986,"template":"","meta":{"_eb_attr":"","om_disable_all_campaigns":false,"_monsterinsights_skip_tracking":false,"_monsterinsights_sitenote_active":false,"_monsterinsights_sitenote_note":"","_monsterinsights_sitenote_category":0},"product_brand":[101],"product_cat":[33],"product_tag":[88],"class_list":{"0":"post-613","1":"product","2":"type-product","3":"status-publish","4":"has-post-thumbnail","6":"product_brand-stierli","7":"product_cat-schwein","8":"product_tag-bacon","10":"first","11":"instock","12":"taxable","13":"shipping-taxable","14":"purchasable","15":"product-type-simple"},"aioseo_notices":[],"jetpack_sharing_enabled":true,"_links":{"self":[{"href":"https:\/\/metzgereistierli.shop\/en\/wp-json\/wp\/v2\/product\/613","targetHints":{"allow":["GET"]}}],"collection":[{"href":"https:\/\/metzgereistierli.shop\/en\/wp-json\/wp\/v2\/product"}],"about":[{"href":"https:\/\/metzgereistierli.shop\/en\/wp-json\/wp\/v2\/types\/product"}],"wp:featuredmedia":[{"embeddable":true,"href":"https:\/\/metzgereistierli.shop\/en\/wp-json\/wp\/v2\/media\/986"}],"wp:attachment":[{"href":"https:\/\/metzgereistierli.shop\/en\/wp-json\/wp\/v2\/media?parent=613"}],"wp:term":[{"taxonomy":"product_brand","embeddable":true,"href":"https:\/\/metzgereistierli.shop\/en\/wp-json\/wp\/v2\/product_brand?post=613"},{"taxonomy":"product_cat","embeddable":true,"href":"https:\/\/metzgereistierli.shop\/en\/wp-json\/wp\/v2\/product_cat?post=613"},{"taxonomy":"product_tag","embeddable":true,"href":"https:\/\/metzgereistierli.shop\/en\/wp-json\/wp\/v2\/product_tag?post=613"}],"curies":[{"name":"wp","href":"https:\/\/api.w.org\/{rel}","templated":true}]}}