{"id":577,"date":"2024-11-21T10:09:20","date_gmt":"2024-11-21T10:09:20","guid":{"rendered":"https:\/\/metzgereistierli.shop\/?post_type=product&#038;p=577"},"modified":"2025-04-24T10:02:43","modified_gmt":"2025-04-24T10:02:43","slug":"schweinshalsplaetzli","status":"publish","type":"product","link":"https:\/\/metzgereistierli.shop\/en\/product\/schweinshalsplaetzli\/","title":{"rendered":"Schweinshalspl\u00e4tzli"},"content":{"rendered":"<p>Entdecken Sie unsere k\u00f6stlichen Schweinshalspl\u00e4tzli, ein echter Genuss aus der Schweiz! Diese zarten, saftigen Fleischscheiben stammen von ausgew\u00e4hlten Schweinen und zeichnen sich durch ihren hervorragenden Geschmack und ihre hohe Qualit\u00e4t aus. Ideal f\u00fcr zahlreiche Zubereitungsarten \u2013 ob in der Pfanne, auf dem Grill oder im Ofen \u2013 bieten sie kulinarische Vielfalt f\u00fcr Ihre Men\u00fcs.<\/p>\n<p><strong>Produktdetails:<\/strong><\/p>\n<ul>\n<li><strong>Produktionsland:<\/strong>\u00a0Schweiz<\/li>\n<li><strong>Aufbewahrung:<\/strong>\u00a0Lagern Sie die Schweinspl\u00e4tzli bei maximal +5\u00b0 C, um Frische und Qualit\u00e4t zu gew\u00e4hrleisten.<\/li>\n<\/ul>\n<p>Erleben Sie mit unseren Schweinspl\u00e4tzli ein St\u00fcck Schweizer Tradition auf Ihrem Teller! Genie\u00dfen Sie die Kombination aus hervorragendem Geschmack und sorgf\u00e4ltiger Herstellung \u2013 f\u00fcr unvergessliche Genussmomente!<\/p>","protected":false},"excerpt":{"rendered":"<p>Entdecken Sie unsere zarten, saftigen Schweinshalspl\u00e4tzli aus der Schweiz! Ideal f\u00fcr Pfanne, Grill oder Ofen \u2013 f\u00fcr abwechslungsreiche Genussmomente! &hellip; <a href=\"https:\/\/metzgereistierli.shop\/en\/product\/schweinshalsplaetzli\/\" class=\"more-link\">Continue reading<span class=\"screen-reader-text\">Schweinshalspl\u00e4tzli<\/span><\/a><\/p>","protected":false},"featured_media":609,"template":"","meta":{"_eb_attr":"","om_disable_all_campaigns":false,"_monsterinsights_skip_tracking":false,"_monsterinsights_sitenote_active":false,"_monsterinsights_sitenote_note":"","_monsterinsights_sitenote_category":0},"product_brand":[101],"product_cat":[33],"product_tag":[47],"class_list":{"0":"post-577","1":"product","2":"type-product","3":"status-publish","4":"has-post-thumbnail","6":"product_brand-stierli","7":"product_cat-schwein","8":"product_tag-schweinsplaetzli","10":"first","11":"instock","12":"taxable","13":"shipping-taxable","14":"purchasable","15":"product-type-simple"},"aioseo_notices":[],"jetpack_sharing_enabled":true,"_links":{"self":[{"href":"https:\/\/metzgereistierli.shop\/en\/wp-json\/wp\/v2\/product\/577","targetHints":{"allow":["GET"]}}],"collection":[{"href":"https:\/\/metzgereistierli.shop\/en\/wp-json\/wp\/v2\/product"}],"about":[{"href":"https:\/\/metzgereistierli.shop\/en\/wp-json\/wp\/v2\/types\/product"}],"wp:featuredmedia":[{"embeddable":true,"href":"https:\/\/metzgereistierli.shop\/en\/wp-json\/wp\/v2\/media\/609"}],"wp:attachment":[{"href":"https:\/\/metzgereistierli.shop\/en\/wp-json\/wp\/v2\/media?parent=577"}],"wp:term":[{"taxonomy":"product_brand","embeddable":true,"href":"https:\/\/metzgereistierli.shop\/en\/wp-json\/wp\/v2\/product_brand?post=577"},{"taxonomy":"product_cat","embeddable":true,"href":"https:\/\/metzgereistierli.shop\/en\/wp-json\/wp\/v2\/product_cat?post=577"},{"taxonomy":"product_tag","embeddable":true,"href":"https:\/\/metzgereistierli.shop\/en\/wp-json\/wp\/v2\/product_tag?post=577"}],"curies":[{"name":"wp","href":"https:\/\/api.w.org\/{rel}","templated":true}]}}