{"id":575,"date":"2024-11-21T10:02:47","date_gmt":"2024-11-21T10:02:47","guid":{"rendered":"https:\/\/metzgereistierli.shop\/?post_type=product&#038;p=575"},"modified":"2025-04-24T09:59:46","modified_gmt":"2025-04-24T09:59:46","slug":"schweinsschulterbraten","status":"publish","type":"product","link":"https:\/\/metzgereistierli.shop\/en\/product\/schweinsschulterbraten\/","title":{"rendered":"Schweinsschulterbraten"},"content":{"rendered":"<p>Geniessen Sie den exquisiten Geschmack unseres mageren Schweinsschulterbratens, der aus hochwertigem Schweizer Schweinefleisch hergestellt wird. Dieses zarte und saftige St\u00fcck Fleisch eignet sich ideal f\u00fcr festliche Anl\u00e4sse oder als herzhaftes Familienessen.<\/p>\n<p><strong>Zutaten:<\/strong><\/p>\n<ul>\n<li>100% Schweinefleisch<\/li>\n<\/ul>\n<p><strong>Herkunft:<\/strong><br \/>\nProduziert in der Schweiz, bekannt f\u00fcr ihre erstklassige Fleischqualit\u00e4t und artgerechte Tierhaltung.<\/p>\n<p><strong>N\u00e4hrwerte (pro 100g):<\/strong><\/p>\n<ul>\n<li>Energie: 750 kJ \/ 179 kcal<\/li>\n<li>Wasser: 66.3g<\/li>\n<li>Protein: 21.4g<\/li>\n<li>Fett: 10.4g<\/li>\n<li>Eisen: 0.4mg<\/li>\n<\/ul>\n<p><strong>Aufbewahrung:<\/strong><br \/>\nBitte bewahren Sie den Schweinsschulterbraten gek\u00fchlt bei +5\u00b0C auf. Um die optimale Frische und den besten Geschmack zu gew\u00e4hrleisten, sollte das Produkt am Tag der Lieferung verbraucht werden.<\/p>\n<p><strong>Zusatzinformationen:<\/strong><br \/>\nUnsere Schweinsschulter ist bekannt f\u00fcr ihren mageren Anteil und die hervorragende Zubereitungsm\u00f6glichkeiten. Ob im Ofen, als Schmorgericht oder zum Grillen \u2013 dieser Braten \u00fcberzeugt durch seinen vollmundigen Geschmack und die zarte Textur.<\/p>\n<p>Entdecken Sie die k\u00f6stliche Welt des Schweizer Schweinefleischs und bereiten Sie sich ein kulinarisches Highlight!<\/p>","protected":false},"excerpt":{"rendered":"<p>Geniessen Sie unseren mageren Schweinsschulterbraten aus hochwertigem Schweizer Fleisch \u2013 zart und saftig, ideal f\u00fcr Feste und Familienessen! &hellip; <a href=\"https:\/\/metzgereistierli.shop\/en\/product\/schweinsschulterbraten\/\" class=\"more-link\">Continue reading<span class=\"screen-reader-text\">Schweinsschulterbraten<\/span><\/a><\/p>","protected":false},"featured_media":607,"template":"","meta":{"_eb_attr":"","om_disable_all_campaigns":false,"_monsterinsights_skip_tracking":false,"_monsterinsights_sitenote_active":false,"_monsterinsights_sitenote_note":"","_monsterinsights_sitenote_category":0},"product_brand":[101],"product_cat":[33],"product_tag":[90],"class_list":{"0":"post-575","1":"product","2":"type-product","3":"status-publish","4":"has-post-thumbnail","6":"product_brand-stierli","7":"product_cat-schwein","8":"product_tag-schweinsschulterbraten","10":"first","11":"instock","12":"taxable","13":"shipping-taxable","14":"purchasable","15":"product-type-simple"},"aioseo_notices":[],"jetpack_sharing_enabled":true,"_links":{"self":[{"href":"https:\/\/metzgereistierli.shop\/en\/wp-json\/wp\/v2\/product\/575","targetHints":{"allow":["GET"]}}],"collection":[{"href":"https:\/\/metzgereistierli.shop\/en\/wp-json\/wp\/v2\/product"}],"about":[{"href":"https:\/\/metzgereistierli.shop\/en\/wp-json\/wp\/v2\/types\/product"}],"wp:featuredmedia":[{"embeddable":true,"href":"https:\/\/metzgereistierli.shop\/en\/wp-json\/wp\/v2\/media\/607"}],"wp:attachment":[{"href":"https:\/\/metzgereistierli.shop\/en\/wp-json\/wp\/v2\/media?parent=575"}],"wp:term":[{"taxonomy":"product_brand","embeddable":true,"href":"https:\/\/metzgereistierli.shop\/en\/wp-json\/wp\/v2\/product_brand?post=575"},{"taxonomy":"product_cat","embeddable":true,"href":"https:\/\/metzgereistierli.shop\/en\/wp-json\/wp\/v2\/product_cat?post=575"},{"taxonomy":"product_tag","embeddable":true,"href":"https:\/\/metzgereistierli.shop\/en\/wp-json\/wp\/v2\/product_tag?post=575"}],"curies":[{"name":"wp","href":"https:\/\/api.w.org\/{rel}","templated":true}]}}