{"id":574,"date":"2024-11-21T09:58:11","date_gmt":"2024-11-21T09:58:11","guid":{"rendered":"https:\/\/metzgereistierli.shop\/?post_type=product&#038;p=574"},"modified":"2025-04-24T09:59:46","modified_gmt":"2025-04-24T09:59:46","slug":"schweinsnierstueck-am-stueck","status":"publish","type":"product","link":"https:\/\/metzgereistierli.shop\/en\/product\/schweinsnierstueck-am-stueck\/","title":{"rendered":"Schweinsnierst\u00fcck &#8211; am St\u00fcck"},"content":{"rendered":"<p>Entdecken Sie unser hochwertiges Schweinsnierst\u00fcck, das aus bestem Schweinefleisch hergestellt wird und Ihnen ein einzigartiges Geschmackserlebnis bietet. Dieses zarte Fleischst\u00fcck stammt aus der Schweiz und zeichnet sich durch seine hervorragende Qualit\u00e4t und Frische aus.<\/p>\n<p><strong>Zutaten:<\/strong><\/p>\n<ul>\n<li>100% Schweizer Schweinefleisch<\/li>\n<\/ul>\n<p><strong>N\u00e4hrwerte pro 100g:<\/strong><\/p>\n<ul>\n<li>Energie: 579 kJ \/ 138 kcal<\/li>\n<li>Wasser: 69.5g<\/li>\n<li>Protein: 22.9g<\/li>\n<li>Fett: 5.1g<\/li>\n<li>Eisen: 0.4mg<\/li>\n<\/ul>\n<p>Das Schweinsnierst\u00fcck ist vielseitig einsetzbar und eignet sich hervorragend f\u00fcr Grill- oder Schmorgerichte. Durch seine zarte Textur und den feinen Geschmack wird es zum Highlight jeder Mahlzeit.<\/p>\n<p><strong>Aufbewahrung:<\/strong><br \/>\nBitte k\u00fchl lagern bei +5\u00b0C, um die Frische und Qualit\u00e4t des Produkts zu gew\u00e4hrleisten.<\/p>\n<p>Genie\u00dfen Sie Schweizer Genuss mit unserem Schweinsnierst\u00fcck \u2013 ein unverzichtbarer Bestandteil jeder gut sortierten K\u00fcche!<\/p>","protected":false},"excerpt":{"rendered":"<p>Entdecken Sie unser hochwertiges Schweinsnierst\u00fcck aus bestem Schweizer Schweinefleisch \u2013 zart, frisch und ein einzigartiges Geschmackserlebnis! &hellip; <a href=\"https:\/\/metzgereistierli.shop\/en\/product\/schweinsnierstueck-am-stueck\/\" class=\"more-link\">Continue reading<span class=\"screen-reader-text\">Schweinsnierst\u00fcck &#8211; am St\u00fcck<\/span><\/a><\/p>","protected":false},"featured_media":606,"template":"","meta":{"_eb_attr":"","om_disable_all_campaigns":false,"_monsterinsights_skip_tracking":false,"_monsterinsights_sitenote_active":false,"_monsterinsights_sitenote_note":"","_monsterinsights_sitenote_category":0},"product_brand":[101],"product_cat":[33],"product_tag":[72,92],"class_list":{"0":"post-574","1":"product","2":"type-product","3":"status-publish","4":"has-post-thumbnail","6":"product_brand-stierli","7":"product_cat-schwein","8":"product_tag-schweinsnierstueck","9":"product_tag-schweinsnierstueck-am-stueck","11":"first","12":"instock","13":"taxable","14":"shipping-taxable","15":"purchasable","16":"product-type-simple"},"aioseo_notices":[],"jetpack_sharing_enabled":true,"_links":{"self":[{"href":"https:\/\/metzgereistierli.shop\/en\/wp-json\/wp\/v2\/product\/574","targetHints":{"allow":["GET"]}}],"collection":[{"href":"https:\/\/metzgereistierli.shop\/en\/wp-json\/wp\/v2\/product"}],"about":[{"href":"https:\/\/metzgereistierli.shop\/en\/wp-json\/wp\/v2\/types\/product"}],"wp:featuredmedia":[{"embeddable":true,"href":"https:\/\/metzgereistierli.shop\/en\/wp-json\/wp\/v2\/media\/606"}],"wp:attachment":[{"href":"https:\/\/metzgereistierli.shop\/en\/wp-json\/wp\/v2\/media?parent=574"}],"wp:term":[{"taxonomy":"product_brand","embeddable":true,"href":"https:\/\/metzgereistierli.shop\/en\/wp-json\/wp\/v2\/product_brand?post=574"},{"taxonomy":"product_cat","embeddable":true,"href":"https:\/\/metzgereistierli.shop\/en\/wp-json\/wp\/v2\/product_cat?post=574"},{"taxonomy":"product_tag","embeddable":true,"href":"https:\/\/metzgereistierli.shop\/en\/wp-json\/wp\/v2\/product_tag?post=574"}],"curies":[{"name":"wp","href":"https:\/\/api.w.org\/{rel}","templated":true}]}}