{"id":570,"date":"2024-11-21T09:26:05","date_gmt":"2024-11-21T09:26:05","guid":{"rendered":"https:\/\/metzgereistierli.shop\/?post_type=product&#038;p=570"},"modified":"2025-04-24T09:59:46","modified_gmt":"2025-04-24T09:59:46","slug":"kalbshohruecken","status":"publish","type":"product","link":"https:\/\/metzgereistierli.shop\/en\/product\/kalbshohruecken\/","title":{"rendered":"Kalbshohr\u00fccken"},"content":{"rendered":"<p>Entdecken Sie den exquisiten Kalbshohr\u00fccken, ein delikates Fleischst\u00fcck aus der Schweiz, das durch seine zarte Textur und den feinen Geschmack besticht. Dieses hochwertige Kalbfleisch eignet sich hervorragend f\u00fcr verschiedene Zubereitungsarten, sei es geschmort, gegrillt oder gebraten.<\/p>\n<p><strong>Zutaten:<\/strong><\/p>\n<ul>\n<li>Kalbfleisch<\/li>\n<\/ul>\n<p><strong>N\u00e4hrwerte (pro 100g):<\/strong><\/p>\n<ul>\n<li>Energie: 674 kJ \/ 161 kcal<\/li>\n<li>Wasser: 69.8 g<\/li>\n<li>Protein: 20.7 g<\/li>\n<li>Fett: 8.7 g<\/li>\n<li>Eisen: 0.6 mg<\/li>\n<\/ul>\n<p><strong>Produktionsland:<\/strong><br \/>\nSchweiz<\/p>\n<p><strong>Aufbewahrung:<\/strong><br \/>\nBitte k\u00fchl lagern bei +5\u00b0C, um die Frische und den Geschmack zu bewahren.<\/p>\n<p>Verw\u00f6hnen Sie sich und Ihre G\u00e4ste mit diesem k\u00f6stlichen Kalbshohr\u00fccken \u2013 ein wahrhaft raffinierter Genuss f\u00fcr jeden Anlass!<\/p>","protected":false},"excerpt":{"rendered":"<p>Erleben Sie den Kalbshohr\u00fccken aus der Schweiz \u2013 zart und geschmackvoll. Ideal zum Schmoren, Grillen oder Braten. Ein Hochgenuss f\u00fcr jeden Anlass! &hellip; <a href=\"https:\/\/metzgereistierli.shop\/en\/product\/kalbshohruecken\/\" class=\"more-link\">Continue reading<span class=\"screen-reader-text\">Kalbshohr\u00fccken<\/span><\/a><\/p>","protected":false},"featured_media":595,"template":"","meta":{"_eb_attr":"","om_disable_all_campaigns":false,"_monsterinsights_skip_tracking":false,"_monsterinsights_sitenote_active":false,"_monsterinsights_sitenote_note":"","_monsterinsights_sitenote_category":0},"product_brand":[101],"product_cat":[32],"product_tag":[96],"class_list":{"0":"post-570","1":"product","2":"type-product","3":"status-publish","4":"has-post-thumbnail","6":"product_brand-stierli","7":"product_cat-kalb","8":"product_tag-kalbshohruecken","10":"first","11":"instock","12":"taxable","13":"shipping-taxable","14":"purchasable","15":"product-type-simple"},"aioseo_notices":[],"jetpack_sharing_enabled":true,"_links":{"self":[{"href":"https:\/\/metzgereistierli.shop\/en\/wp-json\/wp\/v2\/product\/570","targetHints":{"allow":["GET"]}}],"collection":[{"href":"https:\/\/metzgereistierli.shop\/en\/wp-json\/wp\/v2\/product"}],"about":[{"href":"https:\/\/metzgereistierli.shop\/en\/wp-json\/wp\/v2\/types\/product"}],"wp:featuredmedia":[{"embeddable":true,"href":"https:\/\/metzgereistierli.shop\/en\/wp-json\/wp\/v2\/media\/595"}],"wp:attachment":[{"href":"https:\/\/metzgereistierli.shop\/en\/wp-json\/wp\/v2\/media?parent=570"}],"wp:term":[{"taxonomy":"product_brand","embeddable":true,"href":"https:\/\/metzgereistierli.shop\/en\/wp-json\/wp\/v2\/product_brand?post=570"},{"taxonomy":"product_cat","embeddable":true,"href":"https:\/\/metzgereistierli.shop\/en\/wp-json\/wp\/v2\/product_cat?post=570"},{"taxonomy":"product_tag","embeddable":true,"href":"https:\/\/metzgereistierli.shop\/en\/wp-json\/wp\/v2\/product_tag?post=570"}],"curies":[{"name":"wp","href":"https:\/\/api.w.org\/{rel}","templated":true}]}}