{"id":568,"date":"2024-11-20T13:44:22","date_gmt":"2024-11-20T13:44:22","guid":{"rendered":"https:\/\/metzgereistierli.shop\/?post_type=product&#038;p=568"},"modified":"2025-04-24T10:05:58","modified_gmt":"2025-04-24T10:05:58","slug":"schweinsfilet-mit-speck-im-teig","status":"publish","type":"product","link":"https:\/\/metzgereistierli.shop\/en\/product\/schweinsfilet-mit-speck-im-teig\/","title":{"rendered":"Schweinsfilet mit Speck im Teig"},"content":{"rendered":"<p>Geniessen Sie unser zartes Schweinsfilet, umh\u00fcllt von knusprigem Bl\u00e4tterteig und umwickelt mit herzhaftem Speck \u2013 ein wahrer Genuss f\u00fcr Feinschmecker! Hergestellt in der Schweiz, vereint dieses Gericht die besten Zutaten f\u00fcr ein unvergleichliches Geschmackserlebnis.<\/p>\n<h4>Zutaten<\/h4>\n<ul>\n<li><strong>Schweinefilet<\/strong>\u00a0(aus der Schweiz)<\/li>\n<li><strong>Bl\u00e4tterteig<\/strong>\u00a0(bestehend aus Weizenmehl und Weizengluten)<\/li>\n<li><strong>Speck<\/strong><\/li>\n<li><strong>Eigelb<\/strong><\/li>\n<\/ul>\n<h4>N\u00e4hrwerte (pro 100g)<\/h4>\n<ul>\n<li>Energie: 1604 kJ \/ 383 kcal<\/li>\n<li>Fett: 31 g<\/li>\n<li>Kohlenhydrate: 0,5 g<\/li>\n<\/ul>\n<h4>Produktionsland<\/h4>\n<p><strong>Schweiz<\/strong><\/p>\n<h4>Aufbewahrung<\/h4>\n<p>Bitte das Produkt gek\u00fchlt bei + 5\u00b0C aufbewahren.<\/p>\n<h4>Praktische Tipps<\/h4>\n<ul>\n<li>Nach dem Auftauen nicht wieder einfrieren.<\/li>\n<li>F\u00fcr optimalen Genuss eine Stunde vor dem Backen aus dem K\u00fchlschrank nehmen.<\/li>\n<\/ul>\n<h4>Backanleitung<\/h4>\n<ol>\n<li>Artikel eine Stunde vor dem Backen aus dem K\u00fchlschrank nehmen.<\/li>\n<li>Backofen auf 180\u00b0C vorheizen.<\/li>\n<li>Den Teig oberfl\u00e4chlich mit verd\u00fcnntem Eigelb bestreichen.<\/li>\n<li>Das Backgut direkt in eine Backschale legen.<\/li>\n<li>20-25 Minuten backen, bis es goldbraun ist.<\/li>\n<li>Backofen \u00f6ffnen und das Gericht 5 Minuten ruhen lassen, bevor Sie es servieren.<\/li>\n<\/ol>\n<p>Entdecken Sie die perfekte Kombination aus saftigem Schweinefilet, w\u00fcrzigem Speck und zartem Bl\u00e4tterteig \u2013 ideal f\u00fcr festliche Anl\u00e4sse oder ein besonderes Abendessen zu Hause!<\/p>","protected":false},"excerpt":{"rendered":"<p>Genie\u00dfen Sie unser zartes Schweinsfilet, umh\u00fcllt von knusprigem Bl\u00e4tterteig und umwickelt mit herzhaftem Speck \u2013 ein wahrer Genuss aus der Schweiz! &hellip; <a href=\"https:\/\/metzgereistierli.shop\/en\/product\/schweinsfilet-mit-speck-im-teig\/\" class=\"more-link\">Continue reading<span class=\"screen-reader-text\">Schweinsfilet mit Speck im Teig<\/span><\/a><\/p>","protected":false},"featured_media":569,"template":"","meta":{"_eb_attr":"","om_disable_all_campaigns":false,"_monsterinsights_skip_tracking":false,"_monsterinsights_sitenote_active":false,"_monsterinsights_sitenote_note":"","_monsterinsights_sitenote_category":0},"product_brand":[101],"product_cat":[21,33],"product_tag":[98,95,97,82],"class_list":{"0":"post-568","1":"product","2":"type-product","3":"status-publish","4":"has-post-thumbnail","6":"product_brand-stierli","7":"product_cat-pfannen-ofenfertige-produkte","8":"product_cat-schwein","9":"product_tag-im-teig","10":"product_tag-schweinsfilet","11":"product_tag-schweinsfilet-im-teig","12":"product_tag-speck","14":"first","15":"instock","16":"taxable","17":"shipping-taxable","18":"purchasable","19":"product-type-simple"},"aioseo_notices":[],"jetpack_sharing_enabled":true,"_links":{"self":[{"href":"https:\/\/metzgereistierli.shop\/en\/wp-json\/wp\/v2\/product\/568","targetHints":{"allow":["GET"]}}],"collection":[{"href":"https:\/\/metzgereistierli.shop\/en\/wp-json\/wp\/v2\/product"}],"about":[{"href":"https:\/\/metzgereistierli.shop\/en\/wp-json\/wp\/v2\/types\/product"}],"wp:featuredmedia":[{"embeddable":true,"href":"https:\/\/metzgereistierli.shop\/en\/wp-json\/wp\/v2\/media\/569"}],"wp:attachment":[{"href":"https:\/\/metzgereistierli.shop\/en\/wp-json\/wp\/v2\/media?parent=568"}],"wp:term":[{"taxonomy":"product_brand","embeddable":true,"href":"https:\/\/metzgereistierli.shop\/en\/wp-json\/wp\/v2\/product_brand?post=568"},{"taxonomy":"product_cat","embeddable":true,"href":"https:\/\/metzgereistierli.shop\/en\/wp-json\/wp\/v2\/product_cat?post=568"},{"taxonomy":"product_tag","embeddable":true,"href":"https:\/\/metzgereistierli.shop\/en\/wp-json\/wp\/v2\/product_tag?post=568"}],"curies":[{"name":"wp","href":"https:\/\/api.w.org\/{rel}","templated":true}]}}