{"id":567,"date":"2024-11-20T13:37:30","date_gmt":"2024-11-20T13:37:30","guid":{"rendered":"https:\/\/metzgereistierli.shop\/?post_type=product&#038;p=567"},"modified":"2025-04-24T09:59:46","modified_gmt":"2025-04-24T09:59:46","slug":"kalbsplaetzli","status":"publish","type":"product","link":"https:\/\/metzgereistierli.shop\/en\/product\/kalbsplaetzli\/","title":{"rendered":"Kalbspl\u00e4tzli"},"content":{"rendered":"<p>Entdecken Sie die zarten Kalbspl\u00e4tzli, hergestellt aus hochwertigem Kalbfleisch aus der Schweiz. Diese kulinarischen Highlights zeichnen sich durch ihre au\u00dfergew\u00f6hnliche Qualit\u00e4t und ihren feinen Geschmack aus. Ideal f\u00fcr vielseitige Gerichte \u2013 sei es klassisch gebraten, in Pfannen, oder als gef\u00fcllte Spezialit\u00e4t.<\/p>\n<p><strong>Zutaten:<\/strong> Kalbfleisch<br \/>\n<strong>Produktionsland:<\/strong> Schweiz<\/p>\n<p><strong>N\u00e4hrwerte pro 100 g:<\/strong><\/p>\n<ul>\n<li>Energie: 478 kJ \/ 113 kcal<\/li>\n<li>Wasser: 73,4 g<\/li>\n<li>Protein: 22,8 g<\/li>\n<li>Fett: 2,4 g<\/li>\n<li>Eisen: 0,5 mg<\/li>\n<\/ul>\n<p><strong>Aufbewahrung:<\/strong> Gek\u00fchlt bei +5 \u00b0C aufbewahren.<\/p>\n<p><strong>Praktische Tipps:<\/strong> Ideal portioniert in 4 St\u00fccke, perfekt f\u00fcr ein schnelles und k\u00f6stliches Abendessen oder festliche Anl\u00e4sse.<\/p>\n<p>Genie\u00dfen Sie die erste Qualit\u00e4t vom Kalbsstotzen \u2013 f\u00fcr unvergessliche Genussmomente!<\/p>","protected":false},"excerpt":{"rendered":"<p>Entdecken Sie zarte Kalbspl\u00e4tzli aus hochwertigem Schweizer Kalbfleisch. Vielseitig einsetzbar, ideal f\u00fcr Pfannengerichte oder gef\u00fcllte Spezialit\u00e4ten! &hellip; <a href=\"https:\/\/metzgereistierli.shop\/en\/product\/kalbsplaetzli\/\" class=\"more-link\">Continue reading<span class=\"screen-reader-text\">Kalbspl\u00e4tzli<\/span><\/a><\/p>","protected":false},"featured_media":611,"template":"","meta":{"_eb_attr":"","om_disable_all_campaigns":false,"_monsterinsights_skip_tracking":false,"_monsterinsights_sitenote_active":false,"_monsterinsights_sitenote_note":"","_monsterinsights_sitenote_category":0},"product_brand":[101],"product_cat":[32],"product_tag":[99,86],"class_list":{"0":"post-567","1":"product","2":"type-product","3":"status-publish","4":"has-post-thumbnail","6":"product_brand-stierli","7":"product_cat-kalb","8":"product_tag-kalbsfleisch","9":"product_tag-kalbsplaetzli","11":"first","12":"instock","13":"taxable","14":"shipping-taxable","15":"purchasable","16":"product-type-simple"},"aioseo_notices":[],"jetpack_sharing_enabled":true,"_links":{"self":[{"href":"https:\/\/metzgereistierli.shop\/en\/wp-json\/wp\/v2\/product\/567","targetHints":{"allow":["GET"]}}],"collection":[{"href":"https:\/\/metzgereistierli.shop\/en\/wp-json\/wp\/v2\/product"}],"about":[{"href":"https:\/\/metzgereistierli.shop\/en\/wp-json\/wp\/v2\/types\/product"}],"wp:featuredmedia":[{"embeddable":true,"href":"https:\/\/metzgereistierli.shop\/en\/wp-json\/wp\/v2\/media\/611"}],"wp:attachment":[{"href":"https:\/\/metzgereistierli.shop\/en\/wp-json\/wp\/v2\/media?parent=567"}],"wp:term":[{"taxonomy":"product_brand","embeddable":true,"href":"https:\/\/metzgereistierli.shop\/en\/wp-json\/wp\/v2\/product_brand?post=567"},{"taxonomy":"product_cat","embeddable":true,"href":"https:\/\/metzgereistierli.shop\/en\/wp-json\/wp\/v2\/product_cat?post=567"},{"taxonomy":"product_tag","embeddable":true,"href":"https:\/\/metzgereistierli.shop\/en\/wp-json\/wp\/v2\/product_tag?post=567"}],"curies":[{"name":"wp","href":"https:\/\/api.w.org\/{rel}","templated":true}]}}