{"id":560,"date":"2024-11-20T12:37:06","date_gmt":"2024-11-20T12:37:06","guid":{"rendered":"https:\/\/metzgereistierli.shop\/?post_type=product&#038;p=560"},"modified":"2025-07-05T18:18:12","modified_gmt":"2025-07-05T18:18:12","slug":"adrio","status":"publish","type":"product","link":"https:\/\/metzgereistierli.shop\/en\/product\/adrio\/","title":{"rendered":"Adrio"},"content":{"rendered":"<p>Entdecken Sie das k\u00f6stliche Adrio, eine harmonische Mischung aus hochwertigem Kalb- und Schweinefleisch, kombiniert mit herzhaftem Speck f\u00fcr einen vollmundigen Genuss. Dieses raffinierte Produkt wird in der Schweiz unter h\u00f6chsten Qualit\u00e4tsstandards hergestellt und bietet Ihnen ein geschmackliches Erlebnis, das die Sinne verw\u00f6hnt.<\/p>\n<p><strong>Zutaten:<\/strong> Kalbfleisch, Schweinefleisch, Speck, Eis\/Wasser, Schwarten, Kochsalz, Gew\u00fcrze, Natriumcaseinat, Milchpulver, Stabilisatoren (E450a), Zuckerarten (Lactose), Antioxidationsmittel (E575\/E300), Geschmacksverst\u00e4rker (E621), Zitronens\u00e4ure (E330).<\/p>\n<p><strong>N\u00e4hrwerte pro 100 g:<\/strong><\/p>\n<ul>\n<li>Energie: 1005 kJ \/ 240 kcal<\/li>\n<li>Fett: 19 g<\/li>\n<li>davon ges\u00e4ttigte Fetts\u00e4uren: 6 g<\/li>\n<li>Kohlenhydrate: 1 g<\/li>\n<li>davon Zucker: 1 g<\/li>\n<li>Ballaststoffe: 0,5 g<\/li>\n<li>Eiwei\u00df: 16 g<\/li>\n<li>Natriumchlorid: (nicht spezifiziert)<\/li>\n<\/ul>\n<p><strong>Aufbewahrung:<\/strong> Gek\u00fchlt aufbewahren bei +5 \u00b0C. Dieser Artikel muss am Tag der Lieferung verbraucht werden. Aufgetaut, nicht wieder einfrieren.<\/p>\n<p>Genie\u00dfen Sie Adrio als Delikatesse f\u00fcr besondere Anl\u00e4sse oder als schmackhafte Erg\u00e4nzung zu Ihren t\u00e4glichen Gerichten!<\/p>","protected":false},"excerpt":{"rendered":"<p>Entdecken Sie Adrio: eine hochwertige Mischung aus Kalb- und Schweinefleisch, kombiniert mit herzhaftem Speck f\u00fcr ein vollmundiges Geschmackserlebnis! &hellip; <a href=\"https:\/\/metzgereistierli.shop\/en\/product\/adrio\/\" class=\"more-link\">Continue reading<span class=\"screen-reader-text\">Adrio<\/span><\/a><\/p>","protected":false},"featured_media":561,"template":"","meta":{"_eb_attr":"","om_disable_all_campaigns":false,"_monsterinsights_skip_tracking":false,"_monsterinsights_sitenote_active":false,"_monsterinsights_sitenote_note":"","_monsterinsights_sitenote_category":0},"product_brand":[101],"product_cat":[21],"product_tag":[83,57,69,82],"class_list":{"0":"post-560","1":"product","2":"type-product","3":"status-publish","4":"has-post-thumbnail","6":"product_brand-stierli","7":"product_cat-pfannen-ofenfertige-produkte","8":"product_tag-adrio","9":"product_tag-kalb","10":"product_tag-schwein","11":"product_tag-speck","13":"first","14":"instock","15":"taxable","16":"shipping-taxable","17":"purchasable","18":"product-type-simple"},"aioseo_notices":[],"jetpack_sharing_enabled":true,"_links":{"self":[{"href":"https:\/\/metzgereistierli.shop\/en\/wp-json\/wp\/v2\/product\/560","targetHints":{"allow":["GET"]}}],"collection":[{"href":"https:\/\/metzgereistierli.shop\/en\/wp-json\/wp\/v2\/product"}],"about":[{"href":"https:\/\/metzgereistierli.shop\/en\/wp-json\/wp\/v2\/types\/product"}],"wp:featuredmedia":[{"embeddable":true,"href":"https:\/\/metzgereistierli.shop\/en\/wp-json\/wp\/v2\/media\/561"}],"wp:attachment":[{"href":"https:\/\/metzgereistierli.shop\/en\/wp-json\/wp\/v2\/media?parent=560"}],"wp:term":[{"taxonomy":"product_brand","embeddable":true,"href":"https:\/\/metzgereistierli.shop\/en\/wp-json\/wp\/v2\/product_brand?post=560"},{"taxonomy":"product_cat","embeddable":true,"href":"https:\/\/metzgereistierli.shop\/en\/wp-json\/wp\/v2\/product_cat?post=560"},{"taxonomy":"product_tag","embeddable":true,"href":"https:\/\/metzgereistierli.shop\/en\/wp-json\/wp\/v2\/product_tag?post=560"}],"curies":[{"name":"wp","href":"https:\/\/api.w.org\/{rel}","templated":true}]}}