{"id":558,"date":"2024-11-20T12:30:39","date_gmt":"2024-11-20T12:30:39","guid":{"rendered":"https:\/\/metzgereistierli.shop\/?post_type=product&#038;p=558"},"modified":"2025-06-04T12:07:39","modified_gmt":"2025-06-04T12:07:39","slug":"zwetschgensteak","status":"publish","type":"product","link":"https:\/\/metzgereistierli.shop\/en\/product\/zwetschgensteak\/","title":{"rendered":"Zwetschgensteak"},"content":{"rendered":"<p>Entdecken Sie unser zartes <strong>Zwetschgensteak<\/strong>, eine Delikatesse, die durch die perfekte Kombination von saftigem Schweinefleisch und herzhaftem Bratspeck besticht. Die Zugabe von aromatischen D\u00f6rrzwetschen sorgt f\u00fcr eine exquisite Geschmacksnote, die jedem Biss eine s\u00fc\u00dflich-fruchtige Note verleiht.<\/p>\n<p><strong>Zutaten:<\/strong><\/p>\n<ul>\n<li>Schweinefleisch<\/li>\n<li>Bratspeck (aus eigener Produktion)<\/li>\n<li>D\u00f6rrzwetschen<\/li>\n<li>Konservierungsstoff (E202)<\/li>\n<\/ul>\n<p><strong>Hinweis:<\/strong> Bitte beachten Sie, dass auch entsteinte Fr\u00fcchte Bruchst\u00fccke von Steinen enthalten k\u00f6nnen. Zudem kann das Produkt Spuren von N\u00fcssen und Erdn\u00fcssen enthalten.<\/p>\n<p><strong>N\u00e4hrwerte (pro 100 g)<\/strong>:<\/p>\n<ul>\n<li>Energie: 579 kJ \/ 138 kcal<\/li>\n<li>Wasser: 69,5 g<\/li>\n<li>Protein: 22,9 g<\/li>\n<li>Fett: 5,1 g<\/li>\n<li>Eisen: 0,4 mg<\/li>\n<\/ul>\n<p><strong>Aufbewahrung:<\/strong> F\u00fcr optimalen Genuss empfehlen wir, das Zwetschgensteak gek\u00fchlt bei +5 \u00b0C aufzubewahren.<\/p>\n<p><strong>Zusatzinformation:<\/strong> Unser Zwetschgensteak stammt aus der Schweiz und zeichnet sich durch seine mageren Eigenschaften aus. Der Bratspeck kommt direkt aus unserer eigenen Produktion und garantiert h\u00f6chste Qualit\u00e4t.<\/p>\n<p>Lassen Sie sich von dieser geschmackvollen Kombination verf\u00fchren und genie\u00dfen Sie ein St\u00fcck kulinarischer Tradition!<\/p>","protected":false},"excerpt":{"rendered":"<p>Probieren Sie unser zartes Schweinsnierst\u00fcck mit saftigem Schweinefleisch, Bratspeck und D\u00f6rrzwetschen f\u00fcr ein einzigartiges Geschmackserlebnis! &hellip; <a href=\"https:\/\/metzgereistierli.shop\/en\/product\/zwetschgensteak\/\" class=\"more-link\">Continue reading<span class=\"screen-reader-text\">Zwetschgensteak<\/span><\/a><\/p>","protected":false},"featured_media":559,"template":"","meta":{"_eb_attr":"","om_disable_all_campaigns":false,"_monsterinsights_skip_tracking":false,"_monsterinsights_sitenote_active":false,"_monsterinsights_sitenote_note":"","_monsterinsights_sitenote_category":0},"product_brand":[101],"product_cat":[21],"product_tag":[72,82,81],"class_list":{"0":"post-558","1":"product","2":"type-product","3":"status-publish","4":"has-post-thumbnail","6":"product_brand-stierli","7":"product_cat-pfannen-ofenfertige-produkte","8":"product_tag-schweinsnierstueck","9":"product_tag-speck","10":"product_tag-zwetschgen","12":"first","13":"instock","14":"taxable","15":"shipping-taxable","16":"purchasable","17":"product-type-simple"},"aioseo_notices":[],"jetpack_sharing_enabled":true,"_links":{"self":[{"href":"https:\/\/metzgereistierli.shop\/en\/wp-json\/wp\/v2\/product\/558","targetHints":{"allow":["GET"]}}],"collection":[{"href":"https:\/\/metzgereistierli.shop\/en\/wp-json\/wp\/v2\/product"}],"about":[{"href":"https:\/\/metzgereistierli.shop\/en\/wp-json\/wp\/v2\/types\/product"}],"wp:featuredmedia":[{"embeddable":true,"href":"https:\/\/metzgereistierli.shop\/en\/wp-json\/wp\/v2\/media\/559"}],"wp:attachment":[{"href":"https:\/\/metzgereistierli.shop\/en\/wp-json\/wp\/v2\/media?parent=558"}],"wp:term":[{"taxonomy":"product_brand","embeddable":true,"href":"https:\/\/metzgereistierli.shop\/en\/wp-json\/wp\/v2\/product_brand?post=558"},{"taxonomy":"product_cat","embeddable":true,"href":"https:\/\/metzgereistierli.shop\/en\/wp-json\/wp\/v2\/product_cat?post=558"},{"taxonomy":"product_tag","embeddable":true,"href":"https:\/\/metzgereistierli.shop\/en\/wp-json\/wp\/v2\/product_tag?post=558"}],"curies":[{"name":"wp","href":"https:\/\/api.w.org\/{rel}","templated":true}]}}