{"id":547,"date":"2024-11-20T09:23:09","date_gmt":"2024-11-20T09:23:09","guid":{"rendered":"https:\/\/metzgereistierli.shop\/?post_type=product&#038;p=547"},"modified":"2025-04-24T10:00:09","modified_gmt":"2025-04-24T10:00:09","slug":"kalbsschulterbraten","status":"publish","type":"product","link":"https:\/\/metzgereistierli.shop\/en\/product\/kalbsschulterbraten\/","title":{"rendered":"Kalbsschulterbraten"},"content":{"rendered":"<p>Entdecken Sie den exquisiten Kalbsschulterbraten aus der Schweiz \u2013 ein Hochgenuss f\u00fcr Fleischliebhaber und Feinschmecker! Unser Kalbfleisch stammt von sorgf\u00e4ltig ausgew\u00e4hlten Tieren, die auf nachhaltige und tiergerechte Weise gehalten werden. Der Schulterbraten \u00fcberzeugt durch seine zarte Textur und einen unwiderstehlichen Geschmack, der sich ideal f\u00fcr verschiedene Zubereitungsarten eignet.<\/p>\n<p>**Zutaten:**<br \/>\n&#8211; 100% Kalbfleisch<\/p>\n<p>**Produktionsland:**<br \/>\n&#8211; Schweiz<\/p>\n<p>**N\u00e4hrwerte pro 100g:**<br \/>\n&#8211; Energie: 750 kJ \/ 179 kcal<br \/>\n&#8211; Wasser: 66.3g<br \/>\n&#8211; Protein: 21.4g<br \/>\n&#8211; Fett: 10.4g<br \/>\n&#8211; Eisen: 0.4mg<\/p>\n<p>Genie\u00dfen Sie den Kalbsschulterbraten als saftiges Bratenst\u00fcck, perfekt gew\u00fcrzt im Ofen gegart oder als Teil eines herzhaften Ragouts \u2013 Ihrer Kreativit\u00e4t sind keine Grenzen gesetzt.<\/p>\n<p>**Aufbewahrung:**<br \/>\nBitte lagern Sie den Kalbsschulterbraten gek\u00fchlt bei + 5\u00b0C, um die Frische und Qualit\u00e4t des Produkts zu gew\u00e4hrleisten.<\/p>\n<p>G\u00f6nnen Sie sich und Ihren Lieben ein St\u00fcck Schweizer Tradition und genie\u00dfen Sie unvergessliche Momente am Tisch mit unserem zarten Kalbsschulterbraten!<\/p>","protected":false},"excerpt":{"rendered":"<p>Entdecken Sie den zarten Kalbsschulterbraten aus der Schweiz \u2013 unwiderstehlich im Geschmack und perfekt f\u00fcr Feinschmecker! &hellip; <a href=\"https:\/\/metzgereistierli.shop\/en\/product\/kalbsschulterbraten\/\" class=\"more-link\">Continue reading<span class=\"screen-reader-text\">Kalbsschulterbraten<\/span><\/a><\/p>","protected":false},"featured_media":597,"template":"","meta":{"_eb_attr":"","om_disable_all_campaigns":false,"_monsterinsights_skip_tracking":false,"_monsterinsights_sitenote_active":false,"_monsterinsights_sitenote_note":"","_monsterinsights_sitenote_category":0},"product_brand":[101],"product_cat":[32],"product_tag":[67,57,65,66,64],"class_list":{"0":"post-547","1":"product","2":"type-product","3":"status-publish","4":"has-post-thumbnail","6":"product_brand-stierli","7":"product_cat-kalb","8":"product_tag-braten","9":"product_tag-kalb","10":"product_tag-kalbs","11":"product_tag-kalbsschulter","12":"product_tag-kalbsschulterbraten","14":"first","15":"instock","16":"taxable","17":"shipping-taxable","18":"purchasable","19":"product-type-simple"},"aioseo_notices":[],"jetpack_sharing_enabled":true,"_links":{"self":[{"href":"https:\/\/metzgereistierli.shop\/en\/wp-json\/wp\/v2\/product\/547","targetHints":{"allow":["GET"]}}],"collection":[{"href":"https:\/\/metzgereistierli.shop\/en\/wp-json\/wp\/v2\/product"}],"about":[{"href":"https:\/\/metzgereistierli.shop\/en\/wp-json\/wp\/v2\/types\/product"}],"wp:featuredmedia":[{"embeddable":true,"href":"https:\/\/metzgereistierli.shop\/en\/wp-json\/wp\/v2\/media\/597"}],"wp:attachment":[{"href":"https:\/\/metzgereistierli.shop\/en\/wp-json\/wp\/v2\/media?parent=547"}],"wp:term":[{"taxonomy":"product_brand","embeddable":true,"href":"https:\/\/metzgereistierli.shop\/en\/wp-json\/wp\/v2\/product_brand?post=547"},{"taxonomy":"product_cat","embeddable":true,"href":"https:\/\/metzgereistierli.shop\/en\/wp-json\/wp\/v2\/product_cat?post=547"},{"taxonomy":"product_tag","embeddable":true,"href":"https:\/\/metzgereistierli.shop\/en\/wp-json\/wp\/v2\/product_tag?post=547"}],"curies":[{"name":"wp","href":"https:\/\/api.w.org\/{rel}","templated":true}]}}