{"id":540,"date":"2024-11-19T09:39:43","date_gmt":"2024-11-19T09:39:43","guid":{"rendered":"https:\/\/metzgereistierli.shop\/?post_type=product&#038;p=540"},"modified":"2025-04-24T10:00:09","modified_gmt":"2025-04-24T10:00:09","slug":"kalbsvoressen","status":"publish","type":"product","link":"https:\/\/metzgereistierli.shop\/en\/product\/kalbsvoressen\/","title":{"rendered":"Kalbsvoressen"},"content":{"rendered":"<p>Entdecken Sie die exquisite Qualit\u00e4t unseres Kalbsvoressen, sorgf\u00e4ltig zubereitet aus hochwertigem Kalbfleisch aus der Schweiz. Das zarte und mager gehaltene Kalbsschulterfleisch garantiert Ihnen einen vollmundigen Geschmack und eine au\u00dfergew\u00f6hnliche Zartheit, die jedes Gericht zu einem wahren Genuss macht.<\/p>\n<p><strong>Zutaten:<\/strong><\/p>\n<ul>\n<li>100% Schweizer Kalbfleisch<\/li>\n<\/ul>\n<p><strong>N\u00e4hrwerte (pro 100g):<\/strong><\/p>\n<ul>\n<li>Energie: 429 kJ \/ 101 kcal<\/li>\n<li>Wasser: 74.7 g<\/li>\n<li>Protein: 21.1 g<\/li>\n<li>Fett: 1.9 g<\/li>\n<li>Eisen: 0.7 mg<\/li>\n<\/ul>\n<p>Unsere Kalbsschulter ist nicht nur eine hervorragende Wahl f\u00fcr Ihre traditionellen Gerichte wie Ragouts oder Eint\u00f6pfe, sondern auch vielseitig einsetzbar in modernen Rezepten. Mit ihrem geringen Fettgehalt ist sie ideal f\u00fcr gesundheitsbewusste Gourmets, die dennoch auf Geschmack und Qualit\u00e4t nicht verzichten m\u00f6chten.<\/p>\n<p><strong>Aufbewahrung:<\/strong> Bewahren Sie das Kalbsvoressen gek\u00fchlt bei +5\u00b0C auf, um die Frische und die hochwertigen N\u00e4hrstoffe zu erhalten.<\/p>\n<p>Lassen Sie sich von der einzigartigen Qualit\u00e4t unseres Kalbsvoressen \u00fcberzeugen und genie\u00dfen Sie ein St\u00fcck Schweiz auf Ihrem Teller! Perfekt geeignet f\u00fcr festliche Anl\u00e4sse oder ein gem\u00fctliches Abendessen zu Hause.<\/p>","protected":false},"excerpt":{"rendered":"<p>Entdecken Sie unser Kalbsvoressen aus zartem Schweizer Kalbfleisch \u2013 vollmundig im Geschmack und aussergew\u00f6hnlich zart f\u00fcr Ihren Genuss. &hellip; <a href=\"https:\/\/metzgereistierli.shop\/en\/product\/kalbsvoressen\/\" class=\"more-link\">Continue reading<span class=\"screen-reader-text\">Kalbsvoressen<\/span><\/a><\/p>","protected":false},"featured_media":598,"template":"","meta":{"_eb_attr":"","om_disable_all_campaigns":false,"_monsterinsights_skip_tracking":false,"_monsterinsights_sitenote_active":false,"_monsterinsights_sitenote_note":"","_monsterinsights_sitenote_category":0},"product_brand":[101],"product_cat":[32],"product_tag":[57,58,56,60,59],"class_list":{"0":"post-540","1":"product","2":"type-product","3":"status-publish","4":"has-post-thumbnail","6":"product_brand-stierli","7":"product_cat-kalb","8":"product_tag-kalb","9":"product_tag-kalbsragout","10":"product_tag-kalbsvoressen","11":"product_tag-ragout","12":"product_tag-voressen","14":"first","15":"instock","16":"purchasable","17":"product-type-simple"},"aioseo_notices":[],"jetpack_sharing_enabled":true,"_links":{"self":[{"href":"https:\/\/metzgereistierli.shop\/en\/wp-json\/wp\/v2\/product\/540","targetHints":{"allow":["GET"]}}],"collection":[{"href":"https:\/\/metzgereistierli.shop\/en\/wp-json\/wp\/v2\/product"}],"about":[{"href":"https:\/\/metzgereistierli.shop\/en\/wp-json\/wp\/v2\/types\/product"}],"wp:featuredmedia":[{"embeddable":true,"href":"https:\/\/metzgereistierli.shop\/en\/wp-json\/wp\/v2\/media\/598"}],"wp:attachment":[{"href":"https:\/\/metzgereistierli.shop\/en\/wp-json\/wp\/v2\/media?parent=540"}],"wp:term":[{"taxonomy":"product_brand","embeddable":true,"href":"https:\/\/metzgereistierli.shop\/en\/wp-json\/wp\/v2\/product_brand?post=540"},{"taxonomy":"product_cat","embeddable":true,"href":"https:\/\/metzgereistierli.shop\/en\/wp-json\/wp\/v2\/product_cat?post=540"},{"taxonomy":"product_tag","embeddable":true,"href":"https:\/\/metzgereistierli.shop\/en\/wp-json\/wp\/v2\/product_tag?post=540"}],"curies":[{"name":"wp","href":"https:\/\/api.w.org\/{rel}","templated":true}]}}