{"id":499,"date":"2024-11-18T08:57:23","date_gmt":"2024-11-18T08:57:23","guid":{"rendered":"https:\/\/metzgereistierli.shop\/?post_type=product&#038;p=499"},"modified":"2025-09-19T07:23:44","modified_gmt":"2025-09-19T07:23:44","slug":"britische-wuerstli-bangers","status":"publish","type":"product","link":"https:\/\/metzgereistierli.shop\/en\/product\/britische-wuerstli-bangers\/","title":{"rendered":"Britische W\u00fcrstli Bangers"},"content":{"rendered":"<p>Genie\u00dfen Sie den authentischen Geschmack unserer britischen Wurst Bangers, hergestellt aus hochwertigem Schweine- und Kalbfleisch sowie delikat gew\u00fcrzt mit feinem Speck. Diese schmackhaften W\u00fcrste werden in der Schweiz produziert und \u00fcberzeugen durch ihre hervorragende Qualit\u00e4t.<\/p>\n<p>Die Bangers sind perfekt gew\u00fcrzt und bestechen durch ihren vollmundigen Geschmack. Mit einem hohen Eiwei\u00dfanteil von 16,2 g pro 100 g und einem moderaten Fettgehalt von 18,8 g bieten sie eine k\u00f6stliche, nahrhafte Option f\u00fcr Ihre Mahlzeiten.<\/p>\n<p><strong>N\u00e4hrwerte pro 100 g:<\/strong><\/p>\n<ul>\n<li>Energie: 978 kJ \/ 234 kcal<\/li>\n<li>Wasser: 61,8 g<\/li>\n<li>Eiwei\u00df: 16,2 g<\/li>\n<li>Fett: 18,8 g<\/li>\n<li>Eisen: 1,0 mg<\/li>\n<li>Kohlenhydrate: 0,5 g<\/li>\n<\/ul>\n<p><strong>Aufbewahrung:<\/strong> F\u00fcr optimale Frische k\u00fchl aufbewahren bei +5\u00b0C. Nach dem Auftauen nicht wieder einfrieren.<\/p>\n<p>Kreieren Sie mit unseren Bangers eine Vielzahl k\u00f6stlicher Gerichte \u2013 sei es klassisch mit Kartoffelp\u00fcree oder als Teil eines herzhaften Fr\u00fchst\u00fccks. Lassen Sie sich von dem einzigartigen Geschmack unserer Wurst Bangers verf\u00fchren!<\/p>","protected":false},"excerpt":{"rendered":"<p>Genie\u00dfen Sie den authentischen Geschmack unserer Bangers: feinstes Schweine- und Kalbfleisch, w\u00fcrzig mit Speck, beste Schweizer Qualit\u00e4t! &hellip; <a href=\"https:\/\/metzgereistierli.shop\/en\/product\/britische-wuerstli-bangers\/\" class=\"more-link\">Continue reading<span class=\"screen-reader-text\">Britische W\u00fcrstli Bangers<\/span><\/a><\/p>","protected":false},"featured_media":500,"template":"","meta":{"_eb_attr":"","om_disable_all_campaigns":false,"_monsterinsights_skip_tracking":false,"_monsterinsights_sitenote_active":false,"_monsterinsights_sitenote_note":"","_monsterinsights_sitenote_category":0},"product_brand":[101],"product_cat":[33,100],"product_tag":[49,51,52,50],"class_list":{"0":"post-499","1":"product","2":"type-product","3":"status-publish","4":"has-post-thumbnail","6":"product_brand-stierli","7":"product_cat-schwein","8":"product_cat-wurstspezialitaeten","9":"product_tag-bangers","10":"product_tag-britische-wuerstli","11":"product_tag-wurst","12":"product_tag-wuerstli","14":"first","15":"instock","16":"taxable","17":"shipping-taxable","18":"purchasable","19":"product-type-simple"},"aioseo_notices":[],"jetpack_sharing_enabled":true,"_links":{"self":[{"href":"https:\/\/metzgereistierli.shop\/en\/wp-json\/wp\/v2\/product\/499","targetHints":{"allow":["GET"]}}],"collection":[{"href":"https:\/\/metzgereistierli.shop\/en\/wp-json\/wp\/v2\/product"}],"about":[{"href":"https:\/\/metzgereistierli.shop\/en\/wp-json\/wp\/v2\/types\/product"}],"wp:featuredmedia":[{"embeddable":true,"href":"https:\/\/metzgereistierli.shop\/en\/wp-json\/wp\/v2\/media\/500"}],"wp:attachment":[{"href":"https:\/\/metzgereistierli.shop\/en\/wp-json\/wp\/v2\/media?parent=499"}],"wp:term":[{"taxonomy":"product_brand","embeddable":true,"href":"https:\/\/metzgereistierli.shop\/en\/wp-json\/wp\/v2\/product_brand?post=499"},{"taxonomy":"product_cat","embeddable":true,"href":"https:\/\/metzgereistierli.shop\/en\/wp-json\/wp\/v2\/product_cat?post=499"},{"taxonomy":"product_tag","embeddable":true,"href":"https:\/\/metzgereistierli.shop\/en\/wp-json\/wp\/v2\/product_tag?post=499"}],"curies":[{"name":"wp","href":"https:\/\/api.w.org\/{rel}","templated":true}]}}