{"id":498,"date":"2024-11-18T08:51:14","date_gmt":"2024-11-18T08:51:14","guid":{"rendered":"https:\/\/metzgereistierli.shop\/?post_type=product&#038;p=498"},"modified":"2025-04-24T10:00:10","modified_gmt":"2025-04-24T10:00:10","slug":"kalbsplaetzli-piccata","status":"publish","type":"product","link":"https:\/\/metzgereistierli.shop\/en\/product\/kalbsplaetzli-piccata\/","title":{"rendered":"Kalbspl\u00e4tzli Piccata"},"content":{"rendered":"<p>Entdecken Sie unsere zarten Kalbspl\u00e4tzli, hergestellt aus hochwertigem Kalbfleisch aus der Schweiz. Diese k\u00f6stlichen Pl\u00e4tzli \u00fcberzeugen durch ihren feinen Geschmack und die mageren St\u00fccke, die sich ideal f\u00fcr den Tischgrill eignen.<\/p>\n<p><strong>Zutaten<\/strong>: Kalbfleisch<\/p>\n<p><strong>N\u00e4hrwerte (pro 100g)<\/strong>:<\/p>\n<ul>\n<li>Energie: 478 kJ \/ 113 kcal<\/li>\n<li>Wasser: 73.4 g<\/li>\n<li>Protein: 22.8 g<\/li>\n<li>Fett: 2.4 g<\/li>\n<li>Eisen: 0.5 mg<\/li>\n<\/ul>\n<p><strong>Aufbewahrung<\/strong>: Bitte gek\u00fchlt bei +5\u00b0C aufbewahren.<\/p>\n<p><strong>Zus\u00e4tzliche Informationen<\/strong>: Jede Packung enth\u00e4lt ca. 6 St\u00fccke und ist perfekt f\u00fcr ein gemeinsames Grillvergn\u00fcgen. Verw\u00f6hnen Sie sich und Ihre G\u00e4ste mit diesen hochwertigen Kalbspl\u00e4tzli!<\/p>","protected":false},"excerpt":{"rendered":"<p>Entdecken Sie zarte Kalbspl\u00e4tzli aus hochwertigem Schweizer Kalbfleisch. Ideal f\u00fcr Tischgrill, \u00fcberzeugen sie durch feinen Geschmack und magere St\u00fccke! &hellip; <a href=\"https:\/\/metzgereistierli.shop\/en\/product\/kalbsplaetzli-piccata\/\" class=\"more-link\">Continue reading<span class=\"screen-reader-text\">Kalbspl\u00e4tzli Piccata<\/span><\/a><\/p>","protected":false},"featured_media":610,"template":"","meta":{"_eb_attr":"","om_disable_all_campaigns":false,"_monsterinsights_skip_tracking":false,"_monsterinsights_sitenote_active":false,"_monsterinsights_sitenote_note":"","_monsterinsights_sitenote_category":0},"product_brand":[101],"product_cat":[32],"product_tag":[86,46],"class_list":{"0":"post-498","1":"product","2":"type-product","3":"status-publish","4":"has-post-thumbnail","6":"product_brand-stierli","7":"product_cat-kalb","8":"product_tag-kalbsplaetzli","9":"product_tag-piccata","11":"first","12":"instock","13":"taxable","14":"shipping-taxable","15":"purchasable","16":"product-type-simple"},"aioseo_notices":[],"jetpack_sharing_enabled":true,"_links":{"self":[{"href":"https:\/\/metzgereistierli.shop\/en\/wp-json\/wp\/v2\/product\/498","targetHints":{"allow":["GET"]}}],"collection":[{"href":"https:\/\/metzgereistierli.shop\/en\/wp-json\/wp\/v2\/product"}],"about":[{"href":"https:\/\/metzgereistierli.shop\/en\/wp-json\/wp\/v2\/types\/product"}],"wp:featuredmedia":[{"embeddable":true,"href":"https:\/\/metzgereistierli.shop\/en\/wp-json\/wp\/v2\/media\/610"}],"wp:attachment":[{"href":"https:\/\/metzgereistierli.shop\/en\/wp-json\/wp\/v2\/media?parent=498"}],"wp:term":[{"taxonomy":"product_brand","embeddable":true,"href":"https:\/\/metzgereistierli.shop\/en\/wp-json\/wp\/v2\/product_brand?post=498"},{"taxonomy":"product_cat","embeddable":true,"href":"https:\/\/metzgereistierli.shop\/en\/wp-json\/wp\/v2\/product_cat?post=498"},{"taxonomy":"product_tag","embeddable":true,"href":"https:\/\/metzgereistierli.shop\/en\/wp-json\/wp\/v2\/product_tag?post=498"}],"curies":[{"name":"wp","href":"https:\/\/api.w.org\/{rel}","templated":true}]}}