{"id":497,"date":"2024-11-18T08:45:18","date_gmt":"2024-11-18T08:45:18","guid":{"rendered":"https:\/\/metzgereistierli.shop\/?post_type=product&#038;p=497"},"modified":"2026-03-26T20:15:57","modified_gmt":"2026-03-26T20:15:57","slug":"rindsplaetzli","status":"publish","type":"product","link":"https:\/\/metzgereistierli.shop\/en\/product\/rindsplaetzli\/","title":{"rendered":"Rindspl\u00e4tzli"},"content":{"rendered":"<p>Genie\u00dfen Sie unsere zarten Rindspl\u00e4tzli, hergestellt aus erstklassigem Rindfleisch aus der Schweiz. Diese feinen Pl\u00e4tzli \u00fcberzeugen durch ihre hohe Qualit\u00e4t und ihren hervorragenden Geschmack. Sie sind die ideale Wahl f\u00fcr vielf\u00e4ltige Gerichte \u2013 ob auf dem Grill, in der Pfanne oder im Ofen zubereitet.<\/p>\n<p><strong>Zutaten<\/strong>: Rindfleisch<\/p>\n<p><strong>N\u00e4hrwerte (pro 100g)<\/strong>:<\/p>\n<ul>\n<li>Energie: 450 kJ \/ 106 kcal<\/li>\n<li>Wasser: 73.8 g<\/li>\n<li>Protein: 22.4 g<\/li>\n<li>Fett: 1.8 g<\/li>\n<li>Eisen: 1.0 mg<\/li>\n<\/ul>\n<p><strong>Aufbewahrung<\/strong>: Um die Frische und Qualit\u00e4t zu gew\u00e4hrleisten, bitte gek\u00fchlt bei +5\u00b0C aufbewahren.<\/p>\n<p><strong>Zus\u00e4tzliche Informationen<\/strong>: Jede Packung enth\u00e4lt 4 St\u00fccke und wird aus hochwertigem Rindsstotzen hergestellt \u2013 ein Garant f\u00fcr Genuss und Zartheit.<\/p>\n<p>Entdecken Sie den vielseitigen Einsatz von Rindspl\u00e4tzli in Ihrer K\u00fcche und verw\u00f6hnen Sie sich und Ihre G\u00e4ste mit einem authentischen St\u00fcck Schweiz!<\/p>","protected":false},"excerpt":{"rendered":"<p>Rindspl\u00e4tzli aus erstklassigem Schweizer Rindfleisch. Ideal f\u00fcr Grill, Pfanne oder Ofen \u2013 \u00fcberzeugt durch hohe Qualit\u00e4t und hervorragenden Geschmack! &hellip; <a href=\"https:\/\/metzgereistierli.shop\/en\/product\/rindsplaetzli\/\" class=\"more-link\">Continue reading<span class=\"screen-reader-text\">Rindspl\u00e4tzli<\/span><\/a><\/p>","protected":false},"featured_media":601,"template":"","meta":{"_eb_attr":"","om_disable_all_campaigns":false,"_monsterinsights_skip_tracking":false,"_monsterinsights_sitenote_active":false,"_monsterinsights_sitenote_note":"","_monsterinsights_sitenote_category":0},"product_brand":[101],"product_cat":[20],"product_tag":[53,54,55],"class_list":{"0":"post-497","1":"product","2":"type-product","3":"status-publish","4":"has-post-thumbnail","6":"product_brand-stierli","7":"product_cat-rind","8":"product_tag-rind","9":"product_tag-rindsplaetzli","10":"product_tag-teilstuecke-von-rindfleisch","12":"first","13":"instock","14":"taxable","15":"shipping-taxable","16":"purchasable","17":"product-type-simple"},"aioseo_notices":[],"jetpack_sharing_enabled":true,"_links":{"self":[{"href":"https:\/\/metzgereistierli.shop\/en\/wp-json\/wp\/v2\/product\/497","targetHints":{"allow":["GET"]}}],"collection":[{"href":"https:\/\/metzgereistierli.shop\/en\/wp-json\/wp\/v2\/product"}],"about":[{"href":"https:\/\/metzgereistierli.shop\/en\/wp-json\/wp\/v2\/types\/product"}],"wp:featuredmedia":[{"embeddable":true,"href":"https:\/\/metzgereistierli.shop\/en\/wp-json\/wp\/v2\/media\/601"}],"wp:attachment":[{"href":"https:\/\/metzgereistierli.shop\/en\/wp-json\/wp\/v2\/media?parent=497"}],"wp:term":[{"taxonomy":"product_brand","embeddable":true,"href":"https:\/\/metzgereistierli.shop\/en\/wp-json\/wp\/v2\/product_brand?post=497"},{"taxonomy":"product_cat","embeddable":true,"href":"https:\/\/metzgereistierli.shop\/en\/wp-json\/wp\/v2\/product_cat?post=497"},{"taxonomy":"product_tag","embeddable":true,"href":"https:\/\/metzgereistierli.shop\/en\/wp-json\/wp\/v2\/product_tag?post=497"}],"curies":[{"name":"wp","href":"https:\/\/api.w.org\/{rel}","templated":true}]}}