{"id":494,"date":"2024-11-18T08:24:13","date_gmt":"2024-11-18T08:24:13","guid":{"rendered":"https:\/\/metzgereistierli.shop\/?post_type=product&#038;p=494"},"modified":"2026-03-26T20:16:20","modified_gmt":"2026-03-26T20:16:20","slug":"rindsschulterbraten","status":"publish","type":"product","link":"https:\/\/metzgereistierli.shop\/en\/product\/rindsschulterbraten\/","title":{"rendered":"Rindsschulterbraten"},"content":{"rendered":"<p>Entdecken Sie die K\u00f6stlichkeit des Rindsschulterbratens, auch bekannt als Rindssch\u00fcfeli, aus der malerischen Schweiz. Dieses hochwertige Rindfleisch stammt aus artgerechter Haltung und besticht durch seine zarte Textur und den intensiven, vollmundigen Geschmack. Ideal f\u00fcr traditionelle Gerichte oder als Hauptzutat bei festlichen Anl\u00e4ssen, bringt unser Rindsschulterbraten das Beste der Schweizer Fleisch-Kunst auf Ihren Tisch.<\/p>\n<p><strong>Zutaten:<\/strong><\/p>\n<ul>\n<li>Rindfleisch aus der Schweiz<\/li>\n<\/ul>\n<p><strong>N\u00e4hrwerte (pro 100g):<\/strong><\/p>\n<ul>\n<li>Energie: 450 kJ \/ 106 kcal<\/li>\n<li>Wasser: 73.8 g<\/li>\n<li>Protein: 22.4 g<\/li>\n<li>Fett: 1.8 g<\/li>\n<li>Eisen: 1.0 mg<\/li>\n<\/ul>\n<p><strong>Aufbewahrung:<\/strong><br \/>\nF\u00fcr den Erhalt der Qualit\u00e4t und Frische empfehlen wir die k\u00fchle Lagerung bei +5\u00b0C.<\/p>\n<p><strong>Zusatzinformation:<\/strong><br \/>\nUnser Rindssch\u00fcfeli zeichnet sich durch seine vielseitige Verwendbarkeit in der K\u00fcche aus. Ob geschmort, gebraten oder im Slow Cooker zubereitet, die saftigen Aromen werden Ihre Familie und Freunde begeistern. Probieren Sie es aus und genie\u00dfen Sie den unvergleichlichen Geschmack des Schweizer Rindfleischs!<\/p>\n<p>Verw\u00f6hnen Sie sich und Ihre Liebsten mit einem St\u00fcck Schweizer Tradition \u2013 Rindsschulterbraten, der hervorragend in jede K\u00fcche passt!<\/p>","protected":false},"excerpt":{"rendered":"<p>Entdecken Sie den k\u00f6stlichen Rindsschulterbraten aus der Schweiz. Zart und vollmundig, ideal f\u00fcr traditionelle Gerichte und festliche Anl\u00e4sse. &hellip; <a href=\"https:\/\/metzgereistierli.shop\/en\/product\/rindsschulterbraten\/\" class=\"more-link\">Continue reading<span class=\"screen-reader-text\">Rindsschulterbraten<\/span><\/a><\/p>","protected":false},"featured_media":600,"template":"","meta":{"_eb_attr":"","om_disable_all_campaigns":false,"_monsterinsights_skip_tracking":false,"_monsterinsights_sitenote_active":false,"_monsterinsights_sitenote_note":"","_monsterinsights_sitenote_category":0},"product_brand":[101],"product_cat":[20],"product_tag":[45,44,43],"class_list":{"0":"post-494","1":"product","2":"type-product","3":"status-publish","4":"has-post-thumbnail","6":"product_brand-stierli","7":"product_cat-rind","8":"product_tag-rindsschuefeli","9":"product_tag-rindsschulter","10":"product_tag-rindsschulterbraten","12":"first","13":"instock","14":"taxable","15":"shipping-taxable","16":"purchasable","17":"product-type-simple"},"aioseo_notices":[],"jetpack_sharing_enabled":true,"_links":{"self":[{"href":"https:\/\/metzgereistierli.shop\/en\/wp-json\/wp\/v2\/product\/494","targetHints":{"allow":["GET"]}}],"collection":[{"href":"https:\/\/metzgereistierli.shop\/en\/wp-json\/wp\/v2\/product"}],"about":[{"href":"https:\/\/metzgereistierli.shop\/en\/wp-json\/wp\/v2\/types\/product"}],"wp:featuredmedia":[{"embeddable":true,"href":"https:\/\/metzgereistierli.shop\/en\/wp-json\/wp\/v2\/media\/600"}],"wp:attachment":[{"href":"https:\/\/metzgereistierli.shop\/en\/wp-json\/wp\/v2\/media?parent=494"}],"wp:term":[{"taxonomy":"product_brand","embeddable":true,"href":"https:\/\/metzgereistierli.shop\/en\/wp-json\/wp\/v2\/product_brand?post=494"},{"taxonomy":"product_cat","embeddable":true,"href":"https:\/\/metzgereistierli.shop\/en\/wp-json\/wp\/v2\/product_cat?post=494"},{"taxonomy":"product_tag","embeddable":true,"href":"https:\/\/metzgereistierli.shop\/en\/wp-json\/wp\/v2\/product_tag?post=494"}],"curies":[{"name":"wp","href":"https:\/\/api.w.org\/{rel}","templated":true}]}}