{"id":435,"date":"2024-11-08T10:10:09","date_gmt":"2024-11-08T10:10:09","guid":{"rendered":"https:\/\/metzgereistierli.shop\/?post_type=product&#038;p=435"},"modified":"2026-03-26T20:18:51","modified_gmt":"2026-03-26T20:18:51","slug":"ossobuco-kalbshaxen","status":"publish","type":"product","link":"https:\/\/metzgereistierli.shop\/en\/product\/ossobuco-kalbshaxen\/","title":{"rendered":"Ossobuco Kalbshaxen"},"content":{"rendered":"<p>Entdecken Sie die k\u00f6stliche Welt der Ossobuco Kalbshaxen aus der Schweiz \u2013 eine wahre Delikatesse f\u00fcr Feinschmecker. Unsere hochwertigen Kalbfleischst\u00fccke bieten einen einzigartigen Geschmack und eine zarte Textur, die Ihr Geschmackserlebnis bereichern werden.<\/p>\n<p><strong>Zutaten:<\/strong><\/p>\n<ul>\n<li>Kalbfleisch<\/li>\n<\/ul>\n<p><strong>Herkunft:<\/strong><\/p>\n<ul>\n<li>Produktionsland: Schweiz<\/li>\n<\/ul>\n<p><strong>N\u00e4hrwerte pro 100 g:<\/strong><\/p>\n<ul>\n<li>Energie: 674 kJ \/ 161 kcal<\/li>\n<li>Wasser: 69.8 g<\/li>\n<li>Protein: 20.7 g<\/li>\n<li>Fett: 8.7 g<\/li>\n<li>Eisen: 0.6 mg<\/li>\n<\/ul>\n<p>Diese Ossobuco Kalbshaxen sind ideal f\u00fcr die Zubereitung klassischer italienischer Gerichte. Das Fleisch ist perfekt f\u00fcr Schmorgerichte geeignet und entfaltet seinen vollen Geschmack bei langsamer Garung, was es zu einer idealen Wahl f\u00fcr Familienessen oder besondere Anl\u00e4sse macht.<\/p>\n<p><strong>Aufbewahrung:<\/strong> Bitte gek\u00fchlt bei + 5 \u00b0C aufbewahren und darauf achten, dass die Verpackung stets gut verschlossen ist, um die Frische zu gew\u00e4hrleisten.<\/p>\n<p><strong>Praktische Tipps:<\/strong> Einmal aufgetaut, sollte das Produkt nicht wieder eingefroren werden, um die Qualit\u00e4t und den Geschmack zu erhalten.<\/p>\n<p>Genie\u00dfen Sie die feine Qualit\u00e4t unserer Ossobuco Kalbshaxen und bringen Sie ein St\u00fcck Schweizer Traditionshandwerk in Ihre K\u00fcche!<\/p>","protected":false},"excerpt":{"rendered":"<p>Entdecken Sie die Ossobuco Kalbshaxen aus der Schweiz \u2013 eine zarte Delikatesse mit einzigartigem Geschmack. &hellip; <a href=\"https:\/\/metzgereistierli.shop\/en\/product\/ossobuco-kalbshaxen\/\" class=\"more-link\">Continue reading<span class=\"screen-reader-text\">Ossobuco Kalbshaxen<\/span><\/a><\/p>","protected":false},"featured_media":436,"template":"","meta":{"_eb_attr":"","om_disable_all_campaigns":false,"_monsterinsights_skip_tracking":false,"_monsterinsights_sitenote_active":false,"_monsterinsights_sitenote_note":"","_monsterinsights_sitenote_category":0},"product_brand":[101],"product_cat":[32],"product_tag":[143,142,57,65,141,140],"class_list":{"0":"post-435","1":"product","2":"type-product","3":"status-publish","4":"has-post-thumbnail","6":"product_brand-stierli","7":"product_cat-kalb","8":"product_tag-haxe","9":"product_tag-haxen","10":"product_tag-kalb","11":"product_tag-kalbs","12":"product_tag-kalbshaxen","13":"product_tag-ossobuco","15":"first","16":"instock","17":"taxable","18":"shipping-taxable","19":"purchasable","20":"product-type-simple"},"aioseo_notices":[],"jetpack_sharing_enabled":true,"_links":{"self":[{"href":"https:\/\/metzgereistierli.shop\/en\/wp-json\/wp\/v2\/product\/435","targetHints":{"allow":["GET"]}}],"collection":[{"href":"https:\/\/metzgereistierli.shop\/en\/wp-json\/wp\/v2\/product"}],"about":[{"href":"https:\/\/metzgereistierli.shop\/en\/wp-json\/wp\/v2\/types\/product"}],"wp:featuredmedia":[{"embeddable":true,"href":"https:\/\/metzgereistierli.shop\/en\/wp-json\/wp\/v2\/media\/436"}],"wp:attachment":[{"href":"https:\/\/metzgereistierli.shop\/en\/wp-json\/wp\/v2\/media?parent=435"}],"wp:term":[{"taxonomy":"product_brand","embeddable":true,"href":"https:\/\/metzgereistierli.shop\/en\/wp-json\/wp\/v2\/product_brand?post=435"},{"taxonomy":"product_cat","embeddable":true,"href":"https:\/\/metzgereistierli.shop\/en\/wp-json\/wp\/v2\/product_cat?post=435"},{"taxonomy":"product_tag","embeddable":true,"href":"https:\/\/metzgereistierli.shop\/en\/wp-json\/wp\/v2\/product_tag?post=435"}],"curies":[{"name":"wp","href":"https:\/\/api.w.org\/{rel}","templated":true}]}}