{"id":415,"date":"2024-11-06T10:23:07","date_gmt":"2024-11-06T10:23:07","guid":{"rendered":"https:\/\/metzgereistierli.shop\/?post_type=product&#038;p=415"},"modified":"2026-03-26T20:17:07","modified_gmt":"2026-03-26T20:17:07","slug":"rindsgeschnetzeltes","status":"publish","type":"product","link":"https:\/\/metzgereistierli.shop\/en\/product\/rindsgeschnetzeltes\/","title":{"rendered":"Rindsgeschnetzeltes"},"content":{"rendered":"<p><strong>Rindgeschnetzeltes<\/strong><\/p>\n<p>Entdecken Sie unser hochwertiges Rindgeschnetzeltes aus der Schweiz, eine k\u00f6stliche und proteinreiche Delikatesse, die in keiner K\u00fcche fehlen sollte. Hergestellt aus sorgf\u00e4ltig ausgew\u00e4hltem Rindfleisch vom Stotzen, bietet unser Produkt nicht nur hervorragende Qualit\u00e4t, sondern auch besten Geschmack.<\/p>\n<ul>\n<li><strong>Energie:<\/strong>\u00a0431 kJ \/ 102 kcal \u2013 Ideal f\u00fcr eine ausgewogene Ern\u00e4hrung.<\/li>\n<li><strong>Protein:<\/strong>\u00a022.2 g \u2013 St\u00e4rken Sie Ihre Muskulatur mit hochwertigem Eiwei\u00df.<\/li>\n<li><strong>Fett:<\/strong>\u00a01.5 g \u2013 Leicht und bek\u00f6mmlich f\u00fcr bewusste Genie\u00dfer.<\/li>\n<li><strong>Wasser:<\/strong>\u00a074 g \u2013 F\u00fcr einen saftigen und zarten Biss.<\/li>\n<li><strong>Eisen:<\/strong>\u00a01.4 mg \u2013 Unterst\u00fctzt Ihre Gesundheit und tr\u00e4gt zu einem normalen Energiestoffwechsel bei.<\/li>\n<\/ul>\n<p>Unser Rindgeschnetzeltes ist perfekt f\u00fcr vielf\u00e4ltige Zubereitungen, sei es in herzhaften Pfannengerichten, als F\u00fcllung f\u00fcr Wraps oder als Basis f\u00fcr raffinierte Saucen. Die feine Textur und der ausgewogene Geschmack \u00fcberzeugen sowohl Hobbyk\u00f6che als auch Profis.<\/p>\n<p>Genie\u00dfen Sie die hohe Qualit\u00e4t und Frische, die nur in der Schweiz produziert werden kann. Verw\u00f6hnen Sie sich mit Rindgeschnetzeltem, das sowohl Ihren Gaumen als auch Ihre Anspr\u00fcche an gute Ern\u00e4hrung befriedigt. Vertrauen Sie auf unsere traditionelle Herstellung und die Frische unseres Rindfleisches. Ideal f\u00fcr jede Gelegenheit!<\/p>","protected":false},"excerpt":{"rendered":"<p>Unser Rindgeschnetzeltes ist perfekt f\u00fcr Pfannengerichte und Wraps und \u00fcberzeugt durch feine Textur und ausgewogenen Geschmack. &hellip; <a href=\"https:\/\/metzgereistierli.shop\/en\/product\/rindsgeschnetzeltes\/\" class=\"more-link\">Continue reading<span class=\"screen-reader-text\">Rindsgeschnetzeltes<\/span><\/a><\/p>","protected":false},"featured_media":818,"template":"","meta":{"_eb_attr":"","om_disable_all_campaigns":false,"_monsterinsights_skip_tracking":false,"_monsterinsights_sitenote_active":false,"_monsterinsights_sitenote_note":"","_monsterinsights_sitenote_category":0},"product_brand":[101],"product_cat":[20],"product_tag":[94,53,104,105],"class_list":{"0":"post-415","1":"product","2":"type-product","3":"status-publish","4":"has-post-thumbnail","6":"product_brand-stierli","7":"product_cat-rind","8":"product_tag-geschnetzeltes","9":"product_tag-rind","10":"product_tag-rinds","11":"product_tag-rindsgeschnetzeltes","13":"first","14":"instock","15":"taxable","16":"shipping-taxable","17":"purchasable","18":"product-type-simple"},"aioseo_notices":[],"jetpack_sharing_enabled":true,"_links":{"self":[{"href":"https:\/\/metzgereistierli.shop\/en\/wp-json\/wp\/v2\/product\/415","targetHints":{"allow":["GET"]}}],"collection":[{"href":"https:\/\/metzgereistierli.shop\/en\/wp-json\/wp\/v2\/product"}],"about":[{"href":"https:\/\/metzgereistierli.shop\/en\/wp-json\/wp\/v2\/types\/product"}],"wp:featuredmedia":[{"embeddable":true,"href":"https:\/\/metzgereistierli.shop\/en\/wp-json\/wp\/v2\/media\/818"}],"wp:attachment":[{"href":"https:\/\/metzgereistierli.shop\/en\/wp-json\/wp\/v2\/media?parent=415"}],"wp:term":[{"taxonomy":"product_brand","embeddable":true,"href":"https:\/\/metzgereistierli.shop\/en\/wp-json\/wp\/v2\/product_brand?post=415"},{"taxonomy":"product_cat","embeddable":true,"href":"https:\/\/metzgereistierli.shop\/en\/wp-json\/wp\/v2\/product_cat?post=415"},{"taxonomy":"product_tag","embeddable":true,"href":"https:\/\/metzgereistierli.shop\/en\/wp-json\/wp\/v2\/product_tag?post=415"}],"curies":[{"name":"wp","href":"https:\/\/api.w.org\/{rel}","templated":true}]}}