{"id":132,"date":"2024-10-11T08:30:10","date_gmt":"2024-10-11T08:30:10","guid":{"rendered":"https:\/\/metzgereistierli.shop\/?post_type=product&#038;p=132"},"modified":"2026-03-26T20:20:41","modified_gmt":"2026-03-26T20:20:41","slug":"home-hackbraten","status":"publish","type":"product","link":"https:\/\/metzgereistierli.shop\/en\/product\/home-hackbraten\/","title":{"rendered":"Home Hackbraten"},"content":{"rendered":"<p>Entdecken Sie unseren herzhaften Hackbraten, der aus einer sorgf\u00e4ltigen Kombination von hochwertigem Kalb- und Schweinefleisch, sowie aromatischem Speck hergestellt wird. Dieser delikate Hackbraten ist eine wahre Geschmacksexplosion und vereint die Saftigkeit des Fleisches mit k\u00f6stlichen Gew\u00fcrzen und frischem Gem\u00fcse.<\/p>\n<p>Der Hackbraten wird mit einer ausgewogenen Mischung aus Eis\/Wasser und feinstem Brot zubereitet, um eine zarte und saftige Konsistenz zu gew\u00e4hrleisten. Ein Hauch von Kochsalz und eine raffinierte Auswahl an Gew\u00fcrzen verleihen ihm den perfekten Geschmack, w\u00e4hrend Natriumcaseinnat und Milchpulver f\u00fcr eine angenehme Cremigkeit sorgen.<\/p>\n<p>Die Zugabe von Stabilisatoren (E450a) und Zuckerarten (einschlie\u00dflich Laktose) unterst\u00fctzt die optimale Textur und das Geschmackserlebnis. Auch die sorgf\u00e4ltig ausgew\u00e4hlten Antioxidationsmittel (E575\/E300) tragen zur Frische und Qualit\u00e4t des Produkts bei.<\/p>\n<p>Vervollst\u00e4ndigt wird das Geschmackserlebnis durch das bunte Gem\u00fcse \u2013 inklusive Sellerie, R\u00fcebli (Karotten) und Lauch \u2013 und frischen Eiern, die f\u00fcr zus\u00e4tzliche Bindung sorgen.<\/p>\n<p>Unser Hackbraten ist ideal f\u00fcr ein rustikales Familienessen oder als herzhafter Snack. Genie\u00dfen Sie die Kombination aus zartem Fleisch und frischem Gem\u00fcse, die Tradition und Geschmack auf den Teller bringt.<\/p>\n<h3>\nZutaten<\/h3>\n<p>Kalbfleisch, Schweinefleisch, Speck, Eis\/Wasser, Brot, Schwarten, Kochsalz, Gew\u00fcrze, Natriumcaseinnat, Milchpulver, Stabilisatoren E450a, Zuckerarten (Lactose, Antioxidationsmittel E575\/E300, Geschmacksverst\u00e4rker E62,Zitronens\u00e4ure E330), Gem\u00fcse, Rindfleisch, Sellerie,R\u00fcebli, Lauch, Eier, Gew\u00fcrze<\/p>\n<h3>Produktionsland<\/h3>\n<p>Schweiz<\/p>\n<h3>N\u00e4hrwerte<\/h3>\n<div class=\"ng-star-inserted\">100g: 645kJ\/154kcal, Fett 9g, Kohlenhydrate 6g<\/div>\n<div><\/div>\n<h3>Aufbewahrung &amp; Verwendung<\/h3>\n<div>Aufbewahrung: Gek\u00fchlt aufbewahren bei + 5\u00b0C. Dieser Artikel muss am Tag der Lieferung verbraucht werden.<\/div>\n<div>praktische Tipps: im Ofen Braten<\/div>\n<div>Zusatzinformation: Aufgetaut, nicht wieder einfrieren<\/div>","protected":false},"excerpt":{"rendered":"<p>Probieren Sie unseren herzhaften Hackbraten aus Kalb- und Schweinefleisch mit aromatischem Speck, feinem Brot, Gew\u00fcrzen und frischem Gem\u00fcse. &hellip; <a href=\"https:\/\/metzgereistierli.shop\/en\/product\/home-hackbraten\/\" class=\"more-link\">Continue reading<span class=\"screen-reader-text\">Home Hackbraten<\/span><\/a><\/p>","protected":false},"featured_media":414,"template":"","meta":{"_eb_attr":"","om_disable_all_campaigns":false,"_monsterinsights_skip_tracking":false,"_monsterinsights_sitenote_active":false,"_monsterinsights_sitenote_note":"","_monsterinsights_sitenote_category":0},"product_brand":[101],"product_cat":[21],"product_tag":[67,137,136],"class_list":{"0":"post-132","1":"product","2":"type-product","3":"status-publish","4":"has-post-thumbnail","6":"product_brand-stierli","7":"product_cat-pfannen-ofenfertige-produkte","8":"product_tag-braten","9":"product_tag-hack","10":"product_tag-hackbraten","12":"first","13":"instock","14":"taxable","15":"shipping-taxable","16":"purchasable","17":"product-type-simple"},"aioseo_notices":[],"jetpack_sharing_enabled":true,"_links":{"self":[{"href":"https:\/\/metzgereistierli.shop\/en\/wp-json\/wp\/v2\/product\/132","targetHints":{"allow":["GET"]}}],"collection":[{"href":"https:\/\/metzgereistierli.shop\/en\/wp-json\/wp\/v2\/product"}],"about":[{"href":"https:\/\/metzgereistierli.shop\/en\/wp-json\/wp\/v2\/types\/product"}],"wp:featuredmedia":[{"embeddable":true,"href":"https:\/\/metzgereistierli.shop\/en\/wp-json\/wp\/v2\/media\/414"}],"wp:attachment":[{"href":"https:\/\/metzgereistierli.shop\/en\/wp-json\/wp\/v2\/media?parent=132"}],"wp:term":[{"taxonomy":"product_brand","embeddable":true,"href":"https:\/\/metzgereistierli.shop\/en\/wp-json\/wp\/v2\/product_brand?post=132"},{"taxonomy":"product_cat","embeddable":true,"href":"https:\/\/metzgereistierli.shop\/en\/wp-json\/wp\/v2\/product_cat?post=132"},{"taxonomy":"product_tag","embeddable":true,"href":"https:\/\/metzgereistierli.shop\/en\/wp-json\/wp\/v2\/product_tag?post=132"}],"curies":[{"name":"wp","href":"https:\/\/api.w.org\/{rel}","templated":true}]}}