{"id":301,"date":"2024-10-17T12:46:34","date_gmt":"2024-10-17T12:46:34","guid":{"rendered":"https:\/\/metzgereistierli.shop\/?page_id=301"},"modified":"2025-09-20T08:59:43","modified_gmt":"2025-09-20T08:59:43","slug":"unsere-metzgerei","status":"publish","type":"page","link":"https:\/\/metzgereistierli.shop\/en\/unsere-metzgerei\/","title":{"rendered":"Unsere Metzgerei"},"content":{"rendered":"<div data-elementor-type=\"wp-page\" data-elementor-id=\"301\" class=\"elementor elementor-301\" data-elementor-post-type=\"page\">\n\t\t\t\t\t\t<section class=\"elementor-section elementor-top-section elementor-element elementor-element-21edbf4 elementor-section-full_width elementor-section-height-default elementor-section-height-default wpr-particle-no wpr-jarallax-no wpr-parallax-no wpr-sticky-section-no wpr-equal-height-no\" data-id=\"21edbf4\" data-element_type=\"section\" data-e-type=\"section\" id=\"info_section\" data-settings=\"{&quot;background_background&quot;:&quot;classic&quot;}\">\n\t\t\t\t\t\t<div class=\"elementor-container elementor-column-gap-default\">\n\t\t\t\t\t<div class=\"elementor-column elementor-col-100 elementor-top-column elementor-element elementor-element-7101fc42\" data-id=\"7101fc42\" data-element_type=\"column\" data-e-type=\"column\">\n\t\t\t<div class=\"elementor-widget-wrap elementor-element-populated\">\n\t\t\t\t\t\t<section class=\"elementor-section elementor-inner-section elementor-element elementor-element-74d87a79 elementor-section-height-min-height elementor-section-boxed elementor-section-height-default wpr-particle-no wpr-jarallax-no wpr-parallax-no wpr-sticky-section-no wpr-equal-height-no\" data-id=\"74d87a79\" data-element_type=\"section\" data-e-type=\"section\">\n\t\t\t\t\t\t<div class=\"elementor-container elementor-column-gap-default\">\n\t\t\t\t\t<div class=\"elementor-column elementor-col-100 elementor-inner-column elementor-element elementor-element-102af32e\" data-id=\"102af32e\" data-element_type=\"column\" data-e-type=\"column\" data-settings=\"{&quot;background_background&quot;:&quot;classic&quot;}\">\n\t\t\t<div class=\"elementor-widget-wrap elementor-element-populated\">\n\t\t\t\t\t<div class=\"elementor-background-overlay\"><\/div>\n\t\t\t\t\t\t<div class=\"elementor-element elementor-element-7805ed7 animated-slow elementor-invisible elementor-widget elementor-widget-heading\" data-id=\"7805ed7\" data-element_type=\"widget\" data-e-type=\"widget\" data-settings=\"{&quot;_animation&quot;:&quot;fadeInUp&quot;}\" data-widget_type=\"heading.default\">\n\t\t\t\t<div class=\"elementor-widget-container\">\n\t\t\t\t\t<h2 class=\"elementor-heading-title elementor-size-default\">Lerne uns kennen<\/h2>\t\t\t\t<\/div>\n\t\t\t\t<\/div>\n\t\t\t\t<div class=\"elementor-element elementor-element-192b3f38 animated-slow elementor-invisible elementor-widget elementor-widget-heading\" data-id=\"192b3f38\" data-element_type=\"widget\" data-e-type=\"widget\" data-settings=\"{&quot;_animation&quot;:&quot;fadeInUp&quot;}\" data-widget_type=\"heading.default\">\n\t\t\t\t<div class=\"elementor-widget-container\">\n\t\t\t\t\t<h1 class=\"elementor-heading-title elementor-size-default\">Unsere Metzgerei<\/h1>\t\t\t\t<\/div>\n\t\t\t\t<\/div>\n\t\t\t\t\t<\/div>\n\t\t<\/div>\n\t\t\t\t\t<\/div>\n\t\t<\/section>\n\t\t\t\t\t<\/div>\n\t\t<\/div>\n\t\t\t\t\t<\/div>\n\t\t<\/section>\n\t\t\t\t<section class=\"elementor-section elementor-top-section elementor-element elementor-element-4e3302c4 elementor-section-boxed elementor-section-height-default elementor-section-height-default wpr-particle-no wpr-jarallax-no wpr-parallax-no wpr-sticky-section-no wpr-equal-height-no\" data-id=\"4e3302c4\" data-element_type=\"section\" data-e-type=\"section\" data-settings=\"{&quot;background_background&quot;:&quot;classic&quot;}\">\n\t\t\t\t\t\t<div class=\"elementor-container elementor-column-gap-default\">\n\t\t\t\t\t<div class=\"elementor-column elementor-col-100 elementor-top-column elementor-element elementor-element-1fc6d0c2\" data-id=\"1fc6d0c2\" data-element_type=\"column\" data-e-type=\"column\">\n\t\t\t<div class=\"elementor-widget-wrap elementor-element-populated\">\n\t\t\t\t\t\t<section class=\"elementor-section elementor-inner-section elementor-element elementor-element-19a2cf61 elementor-section-boxed elementor-section-height-default elementor-section-height-default wpr-particle-no wpr-jarallax-no wpr-parallax-no wpr-sticky-section-no wpr-equal-height-no\" data-id=\"19a2cf61\" data-element_type=\"section\" data-e-type=\"section\">\n\t\t\t\t\t\t<div class=\"elementor-container elementor-column-gap-wider\">\n\t\t\t\t\t<div class=\"elementor-column elementor-col-50 elementor-inner-column elementor-element elementor-element-41607d00\" data-id=\"41607d00\" data-element_type=\"column\" data-e-type=\"column\">\n\t\t\t<div class=\"elementor-widget-wrap elementor-element-populated\">\n\t\t\t\t\t\t<div class=\"elementor-element elementor-element-1bb258e7 elementor-invisible elementor-widget elementor-widget-image\" data-id=\"1bb258e7\" data-element_type=\"widget\" data-e-type=\"widget\" data-settings=\"{&quot;_animation&quot;:&quot;fadeInLeft&quot;}\" data-widget_type=\"image.default\">\n\t\t\t\t<div class=\"elementor-widget-container\">\n\t\t\t\t\t\t\t\t\t\t\t\t\t\t\t<img fetchpriority=\"high\" decoding=\"async\" width=\"2000\" height=\"1500\" src=\"https:\/\/metzgereistierli.shop\/wp-content\/uploads\/2025\/09\/548597856_1287870539555949_3146769244798868227_n.jpg\" class=\"attachment-full size-full wp-image-904\" alt=\"\" srcset=\"https:\/\/metzgereistierli.shop\/wp-content\/uploads\/2025\/09\/548597856_1287870539555949_3146769244798868227_n.jpg 2000w, https:\/\/metzgereistierli.shop\/wp-content\/uploads\/2025\/09\/548597856_1287870539555949_3146769244798868227_n-300x225.jpg 300w, https:\/\/metzgereistierli.shop\/wp-content\/uploads\/2025\/09\/548597856_1287870539555949_3146769244798868227_n-1024x768.jpg 1024w, https:\/\/metzgereistierli.shop\/wp-content\/uploads\/2025\/09\/548597856_1287870539555949_3146769244798868227_n-768x576.jpg 768w, https:\/\/metzgereistierli.shop\/wp-content\/uploads\/2025\/09\/548597856_1287870539555949_3146769244798868227_n-1536x1152.jpg 1536w, https:\/\/metzgereistierli.shop\/wp-content\/uploads\/2025\/09\/548597856_1287870539555949_3146769244798868227_n-16x12.jpg 16w, https:\/\/metzgereistierli.shop\/wp-content\/uploads\/2025\/09\/548597856_1287870539555949_3146769244798868227_n-440x330.jpg 440w, https:\/\/metzgereistierli.shop\/wp-content\/uploads\/2025\/09\/548597856_1287870539555949_3146769244798868227_n-920x690.jpg 920w, https:\/\/metzgereistierli.shop\/wp-content\/uploads\/2025\/09\/548597856_1287870539555949_3146769244798868227_n-600x450.jpg 600w\" sizes=\"(max-width: 2000px) 100vw, 2000px\" \/>\t\t\t\t\t\t\t\t\t\t\t\t\t\t\t<\/div>\n\t\t\t\t<\/div>\n\t\t\t\t\t<\/div>\n\t\t<\/div>\n\t\t\t\t<div class=\"elementor-column elementor-col-50 elementor-inner-column elementor-element elementor-element-3b0dfb02\" data-id=\"3b0dfb02\" data-element_type=\"column\" data-e-type=\"column\">\n\t\t\t<div class=\"elementor-widget-wrap elementor-element-populated\">\n\t\t\t\t\t\t<div class=\"elementor-element elementor-element-4b9eaa3a elementor-invisible elementor-widget elementor-widget-heading\" data-id=\"4b9eaa3a\" data-element_type=\"widget\" data-e-type=\"widget\" data-settings=\"{&quot;_animation&quot;:&quot;fadeInRight&quot;}\" data-widget_type=\"heading.default\">\n\t\t\t\t<div class=\"elementor-widget-container\">\n\t\t\t\t\t<h2 class=\"elementor-heading-title elementor-size-default\">Metzgerei mit Genuss<\/h2>\t\t\t\t<\/div>\n\t\t\t\t<\/div>\n\t\t\t\t<div class=\"elementor-element elementor-element-385c082d elementor-invisible elementor-widget elementor-widget-heading\" data-id=\"385c082d\" data-element_type=\"widget\" data-e-type=\"widget\" data-settings=\"{&quot;_animation&quot;:&quot;fadeInRight&quot;}\" data-widget_type=\"heading.default\">\n\t\t\t\t<div class=\"elementor-widget-container\">\n\t\t\t\t\t<h2 class=\"elementor-heading-title elementor-size-default\">Die Metzgerei Stierli in Bremgarten AG ist ein traditionelles Familienunternehmen, das sich durch seine hohe Qualit\u00e4t und seine regionale Verbundenheit auszeichnet. \nSeit vielen Jahren bietet die Metzgerei eine breite Palette an frischem Fleisch, Wurstwaren und hausgemachten Spezialit\u00e4ten an. \n\nHier legen die Metzgermeister grossen Wert auf artgerechte Tierhaltung und beziehen ihr Fleisch vorwiegend von regionalen Bauern, die nachhaltige und ethische Standards einhalten. Das Sortiment reicht von feinen Cuts wie Rinderfilet und Lammkarree bis hin zu w\u00fcrzigen W\u00fcrsten und deftigen Speckvariationen. Besondere Delikatessen und saisonale Produkte, wie beispielsweise grillfertige Mischungen f\u00fcr den Sommer oder festliche Spezialit\u00e4ten zu Feiertagen, runden das Angebot ab.\n\nZus\u00e4tzlich zur erstklassigen Fleischware bietet die Metzgerei Stierli auch einen hervorragenden Service. Die freundlichen Mitarbeiter stehen den Kunden mit fachkundiger Beratung zur Seite und helfen bei der Auswahl der besten Produkte f\u00fcr jeden Anlass. In der Metzgerei findet man ebenfalls eine kleine Auswahl an regionalen Produkten, die das Angebot perfekt erg\u00e4nzen.\n\nDas ansprechende Ambiente und die angenehme Atmosph\u00e4re laden zum St\u00f6bern und Verweilen ein. Insgesamt ist die Metzgerei Stierli ein beliebter Anlaufpunkt f\u00fcr Feinschmecker und Qualit\u00e4tsbewusste in Bremgarten AG, die Wert auf Regionalit\u00e4t und handwerkliche Tradition legen.<\/h2>\t\t\t\t<\/div>\n\t\t\t\t<\/div>\n\t\t\t\t\t<\/div>\n\t\t<\/div>\n\t\t\t\t\t<\/div>\n\t\t<\/section>\n\t\t\t\t\t<\/div>\n\t\t<\/div>\n\t\t\t\t\t<\/div>\n\t\t<\/section>\n\t\t<div class=\"elementor-element elementor-element-dd25b3d e-grid e-con-boxed wpr-particle-no wpr-jarallax-no wpr-parallax-no wpr-sticky-section-no wpr-equal-height-no e-con e-parent\" data-id=\"dd25b3d\" data-element_type=\"container\" data-e-type=\"container\">\n\t\t\t\t\t<div class=\"e-con-inner\">\n\t\t\t\t<div class=\"elementor-element elementor-element-b9034a2 elementor-widget elementor-widget-text-editor\" data-id=\"b9034a2\" data-element_type=\"widget\" data-e-type=\"widget\" data-widget_type=\"text-editor.default\">\n\t\t\t\t<div class=\"elementor-widget-container\">\n\t\t\t\t\t\t\t\t\t<p><strong>Gourmet Metzgerei Stierli<\/strong><\/p>\n<p>Marktgasse 33<br \/>5620 Bremgarten AG<br \/>056 633 11 06<br \/><a href=\"http:\/\/www.metzgereistierli.ch\">www.metzgereistierli.ch<\/a><br \/>info@metzgereistierli.ch<\/p>\n<p><strong>Unsere \u00d6ffnungszeiten:<\/strong><\/p>\n<p>MO GESCHLOSSEN<br \/>DI &#8211; FR 07:30 &#8211; 12:00, 14:00 &#8211; 18:00<br \/>SA 07:30 &#8211; 15:00 (durchgehend)<\/p>\t\t\t\t\t\t\t\t<\/div>\n\t\t\t\t<\/div>\n\t\t\t\t<div class=\"elementor-element elementor-element-decc938 elementor-widget elementor-widget-google_maps\" data-id=\"decc938\" data-element_type=\"widget\" data-e-type=\"widget\" data-widget_type=\"google_maps.default\">\n\t\t\t\t<div class=\"elementor-widget-container\">\n\t\t\t\t\t\t\t<div class=\"elementor-custom-embed\">\n\t\t\t<iframe loading=\"lazy\"\n\t\t\t\t\tsrc=\"https:\/\/maps.google.com\/maps?q=Marktgasse%2033%2C%20Bremgarten%20AG&#038;t=m&#038;z=17&#038;output=embed&#038;iwloc=near\"\n\t\t\t\t\ttitle=\"Marktgasse 33, Bremgarten AG\"\n\t\t\t\t\taria-label=\"Marktgasse 33, Bremgarten AG\"\n\t\t\t><\/iframe>\n\t\t<\/div>\n\t\t\t\t\t\t<\/div>\n\t\t\t\t<\/div>\n\t\t\t\t\t<\/div>\n\t\t\t\t<\/div>\n\t\t\t\t<\/div>","protected":false},"excerpt":{"rendered":"<p>Lerne uns kennen Unsere Metzgerei Metzgerei mit Genuss Die Metzgerei Stierli in Bremgarten AG ist ein traditionelles Familienunternehmen, das sich<\/p>\n<p><a href=\"https:\/\/metzgereistierli.shop\/en\/unsere-metzgerei\/\" class=\"more-link\">Continue reading<span class=\"screen-reader-text\">Unsere Metzgerei<\/span><\/a><\/p>","protected":false},"author":1,"featured_media":0,"parent":0,"menu_order":0,"comment_status":"closed","ping_status":"closed","template":"elementor_header_footer","meta":{"_eb_attr":"","om_disable_all_campaigns":false,"_monsterinsights_skip_tracking":false,"_monsterinsights_sitenote_active":false,"_monsterinsights_sitenote_note":"","_monsterinsights_sitenote_category":0,"footnotes":""},"class_list":["post-301","page","type-page","status-publish","hentry"],"aioseo_notices":[],"jetpack_sharing_enabled":true,"_links":{"self":[{"href":"https:\/\/metzgereistierli.shop\/en\/wp-json\/wp\/v2\/pages\/301","targetHints":{"allow":["GET"]}}],"collection":[{"href":"https:\/\/metzgereistierli.shop\/en\/wp-json\/wp\/v2\/pages"}],"about":[{"href":"https:\/\/metzgereistierli.shop\/en\/wp-json\/wp\/v2\/types\/page"}],"author":[{"embeddable":true,"href":"https:\/\/metzgereistierli.shop\/en\/wp-json\/wp\/v2\/users\/1"}],"replies":[{"embeddable":true,"href":"https:\/\/metzgereistierli.shop\/en\/wp-json\/wp\/v2\/comments?post=301"}],"version-history":[{"count":19,"href":"https:\/\/metzgereistierli.shop\/en\/wp-json\/wp\/v2\/pages\/301\/revisions"}],"predecessor-version":[{"id":913,"href":"https:\/\/metzgereistierli.shop\/en\/wp-json\/wp\/v2\/pages\/301\/revisions\/913"}],"wp:attachment":[{"href":"https:\/\/metzgereistierli.shop\/en\/wp-json\/wp\/v2\/media?parent=301"}],"curies":[{"name":"wp","href":"https:\/\/api.w.org\/{rel}","templated":true}]}}