{"id":16,"date":"2024-10-10T10:02:06","date_gmt":"2024-10-10T10:02:06","guid":{"rendered":"https:\/\/metzgereistierli.shop\/start\/"},"modified":"2025-11-25T12:33:31","modified_gmt":"2025-11-25T12:33:31","slug":"start","status":"publish","type":"page","link":"https:\/\/metzgereistierli.shop\/en\/","title":{"rendered":"Willkommen"},"content":{"rendered":"<div data-elementor-type=\"wp-page\" data-elementor-id=\"16\" class=\"elementor elementor-16\" data-elementor-post-type=\"page\">\n\t\t\t\t<div class=\"elementor-element elementor-element-9a77646 e-con-full e-flex wpr-particle-no wpr-jarallax-no wpr-parallax-no wpr-sticky-section-no wpr-equal-height-no e-con e-parent\" data-id=\"9a77646\" data-element_type=\"container\" data-e-type=\"container\">\n\t\t\t\t<div class=\"elementor-element elementor-element-a9e60c7 elementor--h-position-center elementor--v-position-middle elementor-arrows-position-inside elementor-pagination-position-inside elementor-widget elementor-widget-slides\" data-id=\"a9e60c7\" data-element_type=\"widget\" data-e-type=\"widget\" data-settings=\"{&quot;navigation&quot;:&quot;both&quot;,&quot;autoplay&quot;:&quot;yes&quot;,&quot;pause_on_hover&quot;:&quot;yes&quot;,&quot;pause_on_interaction&quot;:&quot;yes&quot;,&quot;autoplay_speed&quot;:5000,&quot;infinite&quot;:&quot;yes&quot;,&quot;transition&quot;:&quot;slide&quot;,&quot;transition_speed&quot;:500}\" data-widget_type=\"slides.default\">\n\t\t\t\t<div class=\"elementor-widget-container\">\n\t\t\t\t\t\t\t\t\t<div class=\"elementor-swiper\">\n\t\t\t\t\t<div class=\"elementor-slides-wrapper elementor-main-swiper swiper\" role=\"region\" aria-roledescription=\"carousel\" aria-label=\"Slides\" dir=\"ltr\" data-animation=\"fadeInUp\">\n\t\t\t\t<div class=\"swiper-wrapper elementor-slides\">\n\t\t\t\t\t\t\t\t\t\t<div class=\"elementor-repeater-item-ab57924 swiper-slide\" role=\"group\" aria-roledescription=\"slide\"><div class=\"swiper-slide-bg\" role=\"img\" aria-label=\"preparing-meat-to-grill\"><\/div><div class=\"elementor-background-overlay\"><\/div><a class=\"swiper-slide-inner\" href=\"https:\/\/metzgereistierli.shop\/en\/shop\/\"><div class=\"swiper-slide-contents\"><div class=\"elementor-slide-heading\">Gourmet Metzgerei Stierli - Ihr Shop f\u00fcr Gourmetfleisch\u200b<\/div><div class=\"elementor-slide-description\">Willkommen in unserem Onlineshop!\nEntdecken Sie erlesene Fleischspezialit\u00e4ten \u2013 von zartem Kalbfleisch \u00fcber hochwertiges Rind bis hin zu feinem Gefl\u00fcgel. Sorgf\u00e4ltig ausgew\u00e4hlt, f\u00fcr h\u00f6chsten Genuss.\nBestellen Sie einfach und bequem online. Unsere benutzerfreundliche Website und der engagierte Kundenservice sorgen f\u00fcr ein rundum gelungenes Einkaufserlebnis.<\/div><div  class=\"elementor-button elementor-slide-button elementor-size-sm\">Onlineshop<\/div><\/div><\/a><\/div>\t\t\t\t<\/div>\n\t\t\t\t\t\t\t<\/div>\n\t\t\t\t<\/div>\n\t\t\t\t\t\t\t\t<\/div>\n\t\t\t\t<\/div>\n\t\t\t\t<\/div>\n\t\t<div class=\"elementor-element elementor-element-273d7cd2 e-con-full e-flex wpr-particle-no wpr-jarallax-no wpr-parallax-no wpr-sticky-section-no wpr-equal-height-no e-con e-parent\" data-id=\"273d7cd2\" data-element_type=\"container\" data-e-type=\"container\">\n\t\t\t\t<div class=\"elementor-element elementor-element-ec6ac2a elementor-widget-divider--view-line elementor-widget elementor-widget-divider\" data-id=\"ec6ac2a\" data-element_type=\"widget\" data-e-type=\"widget\" data-widget_type=\"divider.default\">\n\t\t\t\t<div class=\"elementor-widget-container\">\n\t\t\t\t\t\t\t<div class=\"elementor-divider\">\n\t\t\t<span class=\"elementor-divider-separator\">\n\t\t\t\t\t\t<\/span>\n\t\t<\/div>\n\t\t\t\t\t\t<\/div>\n\t\t\t\t<\/div>\n\t\t\t\t<div class=\"elementor-element elementor-element-150370a elementor-product-loop-item--align-center elementor-grid-4 elementor-grid-tablet-3 elementor-grid-mobile-2 elementor-products-grid elementor-wc-products elementor-widget elementor-widget-woocommerce-products\" data-id=\"150370a\" data-element_type=\"widget\" data-e-type=\"widget\" data-widget_type=\"woocommerce-products.default\">\n\t\t\t\t<div class=\"elementor-widget-container\">\n\t\t\t\t\t<div class=\"woocommerce columns-4\"><ul class=\"products elementor-grid columns-4\">\n<li class=\"product type-product post-570 status-publish first instock product_cat-kalb product_tag-kalbshohruecken has-post-thumbnail taxable shipping-taxable purchasable product-type-simple\">\n\t<a href=\"https:\/\/metzgereistierli.shop\/en\/product\/kalbshohruecken\/\" class=\"woocommerce-LoopProduct-link woocommerce-loop-product__link\"><img fetchpriority=\"high\" decoding=\"async\" width=\"300\" height=\"300\" src=\"https:\/\/metzgereistierli.shop\/wp-content\/uploads\/2024\/11\/cf33f4ef-435d-43ec-be55-aa1a6800e63e-300x300.jpeg\" class=\"attachment-woocommerce_thumbnail size-woocommerce_thumbnail\" alt=\"Kalbshohr\u00fccken\" srcset=\"https:\/\/metzgereistierli.shop\/wp-content\/uploads\/2024\/11\/cf33f4ef-435d-43ec-be55-aa1a6800e63e-300x300.jpeg 300w, https:\/\/metzgereistierli.shop\/wp-content\/uploads\/2024\/11\/cf33f4ef-435d-43ec-be55-aa1a6800e63e-150x150.jpeg 150w, https:\/\/metzgereistierli.shop\/wp-content\/uploads\/2024\/11\/cf33f4ef-435d-43ec-be55-aa1a6800e63e-12x12.jpeg 12w, https:\/\/metzgereistierli.shop\/wp-content\/uploads\/2024\/11\/cf33f4ef-435d-43ec-be55-aa1a6800e63e-666x666.jpeg 666w, https:\/\/metzgereistierli.shop\/wp-content\/uploads\/2024\/11\/cf33f4ef-435d-43ec-be55-aa1a6800e63e-100x100.jpeg 100w\" sizes=\"(max-width: 300px) 100vw, 300px\" \/><h2 class=\"woocommerce-loop-product__title\">Kalbshohr\u00fccken<\/h2>\n\t<span class=\"price\"><span class=\"woocommerce-Price-amount amount\"><bdi><span class=\"woocommerce-Price-currencySymbol\">&#67;&#72;&#70;<\/span>&nbsp;111.15<\/bdi><\/span><\/span>\n<\/a><a href=\"\/en\/wp-json\/wp\/v2\/pages\/16?add-to-cart=570\" aria-describedby=\"woocommerce_loop_add_to_cart_link_describedby_570\" data-quantity=\"1\" class=\"button product_type_simple add_to_cart_button ajax_add_to_cart\" data-product_id=\"570\" data-product_sku=\"211080\" aria-label=\"In den Warenkorb legen: \u00abKalbshohr\u00fccken\u00bb\" rel=\"nofollow\" data-success_message=\"\u201cKalbshohr\u00fccken\u201d has been added to your cart\" role=\"button\" data-no-translation=\"\" data-trp-gettext=\"\" data-no-translation-aria-label=\"\" data-no-translation-data-success_message=\"\">In den Warenkorb<\/a>\t<span id=\"woocommerce_loop_add_to_cart_link_describedby_570\" class=\"screen-reader-text\">\n\t\t\t<\/span>\n<\/li>\n<li class=\"product type-product post-547 status-publish instock product_cat-kalb product_tag-braten product_tag-kalb product_tag-kalbs product_tag-kalbsschulter product_tag-kalbsschulterbraten has-post-thumbnail taxable shipping-taxable purchasable product-type-simple\">\n\t<a href=\"https:\/\/metzgereistierli.shop\/en\/product\/kalbsschulterbraten\/\" class=\"woocommerce-LoopProduct-link woocommerce-loop-product__link\"><img decoding=\"async\" width=\"300\" height=\"300\" src=\"https:\/\/metzgereistierli.shop\/wp-content\/uploads\/2024\/11\/ade639b3-e479-4112-8292-d2b0fab2315c-300x300.jpeg\" class=\"attachment-woocommerce_thumbnail size-woocommerce_thumbnail\" alt=\"Kalbsschulterbraten\" srcset=\"https:\/\/metzgereistierli.shop\/wp-content\/uploads\/2024\/11\/ade639b3-e479-4112-8292-d2b0fab2315c-300x300.jpeg 300w, https:\/\/metzgereistierli.shop\/wp-content\/uploads\/2024\/11\/ade639b3-e479-4112-8292-d2b0fab2315c-150x150.jpeg 150w, https:\/\/metzgereistierli.shop\/wp-content\/uploads\/2024\/11\/ade639b3-e479-4112-8292-d2b0fab2315c-666x666.jpeg 666w, https:\/\/metzgereistierli.shop\/wp-content\/uploads\/2024\/11\/ade639b3-e479-4112-8292-d2b0fab2315c-100x100.jpeg 100w\" sizes=\"(max-width: 300px) 100vw, 300px\" \/><h2 class=\"woocommerce-loop-product__title\">Kalbsschulterbraten<\/h2>\n\t<span class=\"price\"><span class=\"woocommerce-Price-amount amount\"><bdi><span class=\"woocommerce-Price-currencySymbol\">&#67;&#72;&#70;<\/span>&nbsp;47.40<\/bdi><\/span><\/span>\n<\/a><a href=\"\/en\/wp-json\/wp\/v2\/pages\/16?add-to-cart=547\" aria-describedby=\"woocommerce_loop_add_to_cart_link_describedby_547\" data-quantity=\"1\" class=\"button product_type_simple add_to_cart_button ajax_add_to_cart\" data-product_id=\"547\" data-product_sku=\"211084\" aria-label=\"In den Warenkorb legen: \u00abKalbsschulterbraten\u00bb\" rel=\"nofollow\" data-success_message=\"\u201cKalbsschulterbraten\u201d has been added to your cart\" role=\"button\" data-no-translation=\"\" data-trp-gettext=\"\" data-no-translation-aria-label=\"\" data-no-translation-data-success_message=\"\">In den Warenkorb<\/a>\t<span id=\"woocommerce_loop_add_to_cart_link_describedby_547\" class=\"screen-reader-text\">\n\t\t\t<\/span>\n<\/li>\n<li class=\"product type-product post-567 status-publish instock product_cat-kalb product_tag-kalbsfleisch product_tag-kalbsplaetzli has-post-thumbnail taxable shipping-taxable purchasable product-type-simple\">\n\t<a href=\"https:\/\/metzgereistierli.shop\/en\/product\/kalbsplaetzli\/\" class=\"woocommerce-LoopProduct-link woocommerce-loop-product__link\"><img decoding=\"async\" width=\"300\" height=\"300\" src=\"https:\/\/metzgereistierli.shop\/wp-content\/uploads\/2024\/11\/cb659666-270e-4df1-bc4a-d66ad6509d48-300x300.jpeg\" class=\"attachment-woocommerce_thumbnail size-woocommerce_thumbnail\" alt=\"Kalbspl\u00e4tzli\" srcset=\"https:\/\/metzgereistierli.shop\/wp-content\/uploads\/2024\/11\/cb659666-270e-4df1-bc4a-d66ad6509d48-300x300.jpeg 300w, https:\/\/metzgereistierli.shop\/wp-content\/uploads\/2024\/11\/cb659666-270e-4df1-bc4a-d66ad6509d48-150x150.jpeg 150w, https:\/\/metzgereistierli.shop\/wp-content\/uploads\/2024\/11\/cb659666-270e-4df1-bc4a-d66ad6509d48-666x666.jpeg 666w, https:\/\/metzgereistierli.shop\/wp-content\/uploads\/2024\/11\/cb659666-270e-4df1-bc4a-d66ad6509d48-100x100.jpeg 100w\" sizes=\"(max-width: 300px) 100vw, 300px\" \/><h2 class=\"woocommerce-loop-product__title\">Kalbspl\u00e4tzli<\/h2>\n\t<span class=\"price\"><span class=\"woocommerce-Price-amount amount\"><bdi><span class=\"woocommerce-Price-currencySymbol\">&#67;&#72;&#70;<\/span>&nbsp;43.95<\/bdi><\/span><\/span>\n<\/a><a href=\"\/en\/wp-json\/wp\/v2\/pages\/16?add-to-cart=567\" aria-describedby=\"woocommerce_loop_add_to_cart_link_describedby_567\" data-quantity=\"1\" class=\"button product_type_simple add_to_cart_button ajax_add_to_cart\" data-product_id=\"567\" data-product_sku=\"62162\" aria-label=\"In den Warenkorb legen: \u00abKalbspl\u00e4tzli\u00bb\" rel=\"nofollow\" data-success_message=\"\u201cKalbspl\u00e4tzli\u201d has been added to your cart\" role=\"button\" data-no-translation=\"\" data-trp-gettext=\"\" data-no-translation-aria-label=\"\" data-no-translation-data-success_message=\"\">In den Warenkorb<\/a>\t<span id=\"woocommerce_loop_add_to_cart_link_describedby_567\" class=\"screen-reader-text\">\n\t\t\t<\/span>\n<\/li>\n<li class=\"product type-product post-550 status-publish last instock product_cat-pfannen-ofenfertige-produkte product_tag-tessiner-braten has-post-thumbnail taxable shipping-taxable purchasable product-type-simple\">\n\t<a href=\"https:\/\/metzgereistierli.shop\/en\/product\/tessiner-braten-mariniert\/\" class=\"woocommerce-LoopProduct-link woocommerce-loop-product__link\"><img loading=\"lazy\" decoding=\"async\" width=\"300\" height=\"300\" src=\"https:\/\/metzgereistierli.shop\/wp-content\/uploads\/2024\/11\/tessinerbraten-300x300.jpg\" class=\"attachment-woocommerce_thumbnail size-woocommerce_thumbnail\" alt=\"tessinerbraten\" srcset=\"https:\/\/metzgereistierli.shop\/wp-content\/uploads\/2024\/11\/tessinerbraten-300x300.jpg 300w, https:\/\/metzgereistierli.shop\/wp-content\/uploads\/2024\/11\/tessinerbraten-150x150.jpg 150w, https:\/\/metzgereistierli.shop\/wp-content\/uploads\/2024\/11\/tessinerbraten-12x12.jpg 12w, https:\/\/metzgereistierli.shop\/wp-content\/uploads\/2024\/11\/tessinerbraten-666x666.jpg 666w, https:\/\/metzgereistierli.shop\/wp-content\/uploads\/2024\/11\/tessinerbraten-100x100.jpg 100w\" sizes=\"(max-width: 300px) 100vw, 300px\" \/><h2 class=\"woocommerce-loop-product__title\">Tessiner Braten &#8211; mariniert<\/h2>\n\t<span class=\"price\"><span class=\"woocommerce-Price-amount amount\"><bdi><span class=\"woocommerce-Price-currencySymbol\">&#67;&#72;&#70;<\/span>&nbsp;39.90<\/bdi><\/span><\/span>\n<\/a><a href=\"\/en\/wp-json\/wp\/v2\/pages\/16?add-to-cart=550\" aria-describedby=\"woocommerce_loop_add_to_cart_link_describedby_550\" data-quantity=\"1\" class=\"button product_type_simple add_to_cart_button ajax_add_to_cart\" data-product_id=\"550\" data-product_sku=\"62298\" aria-label=\"In den Warenkorb legen: \u00abTessiner Braten - mariniert\u00bb\" rel=\"nofollow\" data-success_message=\"\u201cTessiner Braten - mariniert\u201d has been added to your cart\" role=\"button\" data-no-translation=\"\" data-trp-gettext=\"\" data-no-translation-aria-label=\"\" data-no-translation-data-success_message=\"\">In den Warenkorb<\/a>\t<span id=\"woocommerce_loop_add_to_cart_link_describedby_550\" class=\"screen-reader-text\">\n\t\t\t<\/span>\n<\/li>\n<\/ul>\n<\/div>\t\t\t\t<\/div>\n\t\t\t\t<\/div>\n\t\t\t\t<div class=\"elementor-element elementor-element-c7d6eed elementor-widget-divider--view-line elementor-widget elementor-widget-divider\" data-id=\"c7d6eed\" data-element_type=\"widget\" data-e-type=\"widget\" data-widget_type=\"divider.default\">\n\t\t\t\t<div class=\"elementor-widget-container\">\n\t\t\t\t\t\t\t<div class=\"elementor-divider\">\n\t\t\t<span class=\"elementor-divider-separator\">\n\t\t\t\t\t\t<\/span>\n\t\t<\/div>\n\t\t\t\t\t\t<\/div>\n\t\t\t\t<\/div>\n\t\t\t\t<div class=\"elementor-element elementor-element-9356f8f elementor-widget elementor-widget-heading\" data-id=\"9356f8f\" data-element_type=\"widget\" data-e-type=\"widget\" data-widget_type=\"heading.default\">\n\t\t\t\t<div class=\"elementor-widget-container\">\n\t\t\t\t\t<span class=\"elementor-heading-title elementor-size-default\">Lust auf mehr Genuss? Hier geht es zu unserer Auswahl.<\/span>\t\t\t\t<\/div>\n\t\t\t\t<\/div>\n\t\t\t\t<div class=\"elementor-element elementor-element-2e0ae75 elementor-align-center elementor-widget elementor-widget-button\" data-id=\"2e0ae75\" data-element_type=\"widget\" data-e-type=\"widget\" data-widget_type=\"button.default\">\n\t\t\t\t<div class=\"elementor-widget-container\">\n\t\t\t\t\t\t\t\t\t<div class=\"elementor-button-wrapper\">\n\t\t\t\t\t<a class=\"elementor-button elementor-button-link elementor-size-sm\" href=\"https:\/\/metzgereistierli.shop\/en\/shop\/\">\n\t\t\t\t\t\t<span class=\"elementor-button-content-wrapper\">\n\t\t\t\t\t\t\t\t\t<span class=\"elementor-button-text\">Onlineshop<\/span>\n\t\t\t\t\t<\/span>\n\t\t\t\t\t<\/a>\n\t\t\t\t<\/div>\n\t\t\t\t\t\t\t\t<\/div>\n\t\t\t\t<\/div>\n\t\t\t\t<div class=\"elementor-element elementor-element-6205362 elementor-widget-divider--view-line elementor-widget elementor-widget-divider\" data-id=\"6205362\" data-element_type=\"widget\" data-e-type=\"widget\" data-widget_type=\"divider.default\">\n\t\t\t\t<div class=\"elementor-widget-container\">\n\t\t\t\t\t\t\t<div class=\"elementor-divider\">\n\t\t\t<span class=\"elementor-divider-separator\">\n\t\t\t\t\t\t<\/span>\n\t\t<\/div>\n\t\t\t\t\t\t<\/div>\n\t\t\t\t<\/div>\n\t\t\t\t<\/div>\n\t\t\t\t<\/div>","protected":false},"excerpt":{"rendered":"<p>Gourmet Metzgerei Stierli &#8211; Ihr Shop f\u00fcr Gourmetfleisch\u200bWillkommen in unserem Onlineshop! Entdecken Sie erlesene Fleischspezialit\u00e4ten \u2013 von zartem Kalbfleisch \u00fcber<\/p>\n<p><a href=\"https:\/\/metzgereistierli.shop\/en\/\" class=\"more-link\">Continue reading<span class=\"screen-reader-text\">Willkommen<\/span><\/a><\/p>","protected":false},"author":1,"featured_media":0,"parent":0,"menu_order":0,"comment_status":"closed","ping_status":"closed","template":"","meta":{"_eb_attr":"","om_disable_all_campaigns":false,"_monsterinsights_skip_tracking":false,"_monsterinsights_sitenote_active":false,"_monsterinsights_sitenote_note":"","_monsterinsights_sitenote_category":0,"footnotes":""},"class_list":["post-16","page","type-page","status-publish","hentry"],"aioseo_notices":[],"jetpack_sharing_enabled":true,"_links":{"self":[{"href":"https:\/\/metzgereistierli.shop\/en\/wp-json\/wp\/v2\/pages\/16","targetHints":{"allow":["GET"]}}],"collection":[{"href":"https:\/\/metzgereistierli.shop\/en\/wp-json\/wp\/v2\/pages"}],"about":[{"href":"https:\/\/metzgereistierli.shop\/en\/wp-json\/wp\/v2\/types\/page"}],"author":[{"embeddable":true,"href":"https:\/\/metzgereistierli.shop\/en\/wp-json\/wp\/v2\/users\/1"}],"replies":[{"embeddable":true,"href":"https:\/\/metzgereistierli.shop\/en\/wp-json\/wp\/v2\/comments?post=16"}],"version-history":[{"count":90,"href":"https:\/\/metzgereistierli.shop\/en\/wp-json\/wp\/v2\/pages\/16\/revisions"}],"predecessor-version":[{"id":969,"href":"https:\/\/metzgereistierli.shop\/en\/wp-json\/wp\/v2\/pages\/16\/revisions\/969"}],"wp:attachment":[{"href":"https:\/\/metzgereistierli.shop\/en\/wp-json\/wp\/v2\/media?parent=16"}],"curies":[{"name":"wp","href":"https:\/\/api.w.org\/{rel}","templated":true}]}}